{"id":934,"date":"2020-07-27T13:07:47","date_gmt":"2020-07-27T13:07:47","guid":{"rendered":"https:\/\/www.infinitypartners.eu\/?page_id=934"},"modified":"2020-08-07T19:07:24","modified_gmt":"2020-08-07T19:07:24","slug":"doradztwo-w-zakresie-restrukturyzacji-przedsiebiorstw","status":"publish","type":"page","link":"https:\/\/www.infinitypartners.eu\/pl\/oferta\/doradztwo-w-zakresie-restrukturyzacji-przedsiebiorstw\/","title":{"rendered":"Doradztwo w zakresie restrukturyzacji przedsi\u0119biorstw."},"content":{"rendered":"<p><div class=\"fusion-fullwidth fullwidth-box fusion-builder-row-1 nonhundred-percent-fullwidth non-hundred-percent-height-scrolling\" style=\"background-color: rgba(255,255,255,0);background-position: center center;background-repeat: no-repeat;padding-top:0px;padding-right:0px;padding-bottom:0px;padding-left:0px;margin-bottom: 0px;margin-top: 0px;border-width: 0px 0px 0px 0px;border-color:#eae9e9;border-style:solid;\" ><div class=\"fusion-builder-row fusion-row\"><div class=\"fusion-layout-column fusion_builder_column fusion-builder-column-0 fusion_builder_column_1_1 1_1 fusion-one-full fusion-column-first fusion-column-last\" style=\"margin-top:0px;margin-bottom:20px;\"><div class=\"fusion-column-wrapper fusion-flex-column-wrapper-legacy\" style=\"background-position:left top;background-repeat:no-repeat;-webkit-background-size:cover;-moz-background-size:cover;-o-background-size:cover;background-size:cover;padding: 0px 0px 0px 0px;\"><div class=\"fusion-text fusion-text-1\"><h1>Doradztwo w zakresie restrukturyzacji przedsi\u0119biorstw.<\/h1>\n<h3>W zwi\u0105zku z pandemi\u0105 COVID-19, nast\u0105pi\u0142o zamro\u017cenie gospodarki, kt\u00f3re wywo\u0142a\u0142o w\u015br\u00f3d wielu firm konieczno\u015b\u0107 pilnego wdro\u017cenia planu naprawczego, zar\u00f3wno w czasie zamro\u017cenia, jak i po odmro\u017ceniu. Wiele firm przetrwa\u0142o dzi\u0119ki dzia\u0142aniom tzw. tarcz pomocowych, ale nied\u0142ugo tarcze przestan\u0105 dzia\u0142a\u0107, a obroty firm nadal nie wr\u00f3ci\u0142y do stanu sprzed pandemii, co mo\u017ce pog\u0142\u0119bi\u0107 problemy p\u0142ynno\u015bciowe firm.<\/h3>\n<p>W zwi\u0105zku z powy\u017cszym, wychodz\u0105c naprzeciw naszym Klientom, wsp\u00f3lnie z renomowan\u0105 kancelari\u0105 prawn\u0105 poszerzamy nasz\u0105 ofert\u0119 o nowe us\u0142ugi:<\/p>\n<\/div><div class=\"fusion-clearfix\"><\/div><\/div><\/div><\/div><\/div><div class=\"fusion-fullwidth fullwidth-box fusion-builder-row-2 nonhundred-percent-fullwidth non-hundred-percent-height-scrolling\" style=\"background-color: rgba(255,255,255,0);background-position: center center;background-repeat: no-repeat;padding-top:0px;padding-right:0px;padding-bottom:6%;padding-left:0px;margin-bottom: 0px;margin-top: 0px;border-width: 0px 0px 0px 0px;border-color:#eae9e9;border-style:solid;\" ><div class=\"fusion-builder-row fusion-row\"><div class=\"fusion-layout-column fusion_builder_column fusion-builder-column-1 fusion_builder_column_1_2 1_2 fusion-one-half fusion-column-first\" style=\"width:50%;width:calc(50% - ( ( 4% ) * 0.5 ) );margin-right: 4%;margin-top:0px;margin-bottom:20px;\"><div class=\"fusion-column-wrapper fusion-flex-column-wrapper-legacy\" style=\"background-position:left top;background-repeat:no-repeat;-webkit-background-size:cover;-moz-background-size:cover;-o-background-size:cover;background-size:cover;padding: 0px 0px 0px 0px;\"><div class=\"fusion-text fusion-text-2\"><h3>Zakres us\u0142ug<\/h3>\n<\/div><ul class=\"fusion-checklist fusion-checklist-1\" style=\"font-size:13px;line-height:22.1px;\"><li class=\"fusion-li-item\"><span style=\"height:22.1px;width:22.1px;margin-right:9.1px;\" class=\"icon-wrapper circle-no\"><i class=\"fusion-li-icon fa fa-check\" style=\"color:#b7a488;\" aria-hidden=\"true\"><\/i><\/span><div class=\"fusion-li-item-content\" style=\"margin-left:31.2px;\">\n<p>Badanie kondycji finansowej przedsi\u0119biorcy,<\/p>\n<\/div><\/li><li class=\"fusion-li-item\"><span style=\"height:22.1px;width:22.1px;margin-right:9.1px;\" class=\"icon-wrapper circle-no\"><i class=\"fusion-li-icon fa fa-check\" style=\"color:#b7a488;\" aria-hidden=\"true\"><\/i><\/span><div class=\"fusion-li-item-content\" style=\"margin-left:31.2px;\">\n<p>Opracowanie planu dzia\u0142ania \/ restrukturyzacji lub upad\u0142o\u015bci,<\/p>\n<\/div><\/li><li class=\"fusion-li-item\"><span style=\"height:22.1px;width:22.1px;margin-right:9.1px;\" class=\"icon-wrapper circle-no\"><i class=\"fusion-li-icon fa fa-check\" style=\"color:#b7a488;\" aria-hidden=\"true\"><\/i><\/span><div class=\"fusion-li-item-content\" style=\"margin-left:31.2px;\">\n<p>Doradztwo w zakresie wyboru w\u0142a\u015bciwego post\u0119powania,<\/p>\n<\/div><\/li><li class=\"fusion-li-item\"><span style=\"height:22.1px;width:22.1px;margin-right:9.1px;\" class=\"icon-wrapper circle-no\"><i class=\"fusion-li-icon fa fa-check\" style=\"color:#b7a488;\" aria-hidden=\"true\"><\/i><\/span><div class=\"fusion-li-item-content\" style=\"margin-left:31.2px;\">\n<p>Przygotowanie wszystkich dokument\u00f3w potrzebnych do zainicjowania w\u0142a\u015bciwych post\u0119powa\u0144,<\/p>\n<\/div><\/li><li class=\"fusion-li-item\"><span style=\"height:22.1px;width:22.1px;margin-right:9.1px;\" class=\"icon-wrapper circle-no\"><i class=\"fusion-li-icon fa fa-check\" style=\"color:#b7a488;\" aria-hidden=\"true\"><\/i><\/span><div class=\"fusion-li-item-content\" style=\"margin-left:31.2px;\">\n<p>Zapewnienie przedsi\u0119biorcom kompleksowej us\u0142ugi zwi\u0105zanej z opracowaniem strategii dalszego funkcjonowania przedsi\u0119biorstwa \/ programu naprawczego lub jego zako\u0144czenia,<\/p>\n<\/div><\/li><\/ul><div class=\"fusion-clearfix\"><\/div><\/div><\/div><div class=\"fusion-layout-column fusion_builder_column fusion-builder-column-2 fusion_builder_column_1_2 1_2 fusion-one-half fusion-column-last\" style=\"width:50%;width:calc(50% - ( ( 4% ) * 0.5 ) );margin-top:0px;margin-bottom:20px;\"><div class=\"fusion-column-wrapper fusion-flex-column-wrapper-legacy\" style=\"background-position:left top;background-repeat:no-repeat;-webkit-background-size:cover;-moz-background-size:cover;-o-background-size:cover;background-size:cover;padding: 0px 0px 0px 0px;\"><ul class=\"fusion-checklist fusion-checklist-2\" style=\"font-size:13px;line-height:22.1px;\"><li class=\"fusion-li-item\"><span style=\"height:22.1px;width:22.1px;margin-right:9.1px;\" class=\"icon-wrapper circle-no\"><i class=\"fusion-li-icon fa fa-check\" style=\"color:#b7a488;\" aria-hidden=\"true\"><\/i><\/span><div class=\"fusion-li-item-content\" style=\"margin-left:31.2px;\">\n<p>Bie\u017c\u0105ce wsparcie prawne przedsi\u0119biorcy,<\/p>\n<\/div><\/li><li class=\"fusion-li-item\"><span style=\"height:22.1px;width:22.1px;margin-right:9.1px;\" class=\"icon-wrapper circle-no\"><i class=\"fusion-li-icon fa fa-check\" style=\"color:#b7a488;\" aria-hidden=\"true\"><\/i><\/span><div class=\"fusion-li-item-content\" style=\"margin-left:31.2px;\">\n<p>Dostosowanie odpowiedniego rozwi\u0105zania dla ka\u017cdego Klienta w zale\u017cno\u015bci od jego potrzeb m.in. \u00a0poprzez restrukturyzacj\u0119 zobowi\u0105za\u0144 \/ przygotowan\u0105 likwidacj\u0119 lub upad\u0142o\u015b\u0107 przedsi\u0119biorstwa,<\/p>\n<\/div><\/li><li class=\"fusion-li-item\"><span style=\"height:22.1px;width:22.1px;margin-right:9.1px;\" class=\"icon-wrapper circle-no\"><i class=\"fusion-li-icon fa fa-check\" style=\"color:#b7a488;\" aria-hidden=\"true\"><\/i><\/span><div class=\"fusion-li-item-content\" style=\"margin-left:31.2px;\">\n<p>Zapewnienie Klientom bezpiecze\u0144stwa prawnego, zw\u0142aszcza w ramach post\u0119powania restrukturyzacyjnego i upad\u0142o\u015bciowego,<\/p>\n<\/div><\/li><\/ul><div class=\"fusion-clearfix\"><\/div><\/div><\/div><\/div><\/div><\/p>\n","protected":false},"excerpt":{"rendered":"","protected":false},"author":4,"featured_media":0,"parent":12,"menu_order":0,"comment_status":"closed","ping_status":"closed","template":"","meta":{"footnotes":""},"class_list":["post-934","page","type-page","status-publish","hentry"],"yoast_head":"<!-- This site is optimized with the Yoast SEO plugin v26.6 - https:\/\/yoast.com\/wordpress\/plugins\/seo\/ -->\n<title>Doradztwo w zakresie restrukturyzacji przedsi\u0119biorstw. - Infinity Partners<\/title>\n<meta name=\"robots\" content=\"index, follow, max-snippet:-1, max-image-preview:large, max-video-preview:-1\" \/>\n<link rel=\"canonical\" href=\"https:\/\/www.infinitypartners.eu\/pl\/oferta\/doradztwo-w-zakresie-restrukturyzacji-przedsiebiorstw\/\" \/>\n<meta property=\"og:locale\" content=\"pl_PL\" \/>\n<meta property=\"og:type\" content=\"article\" \/>\n<meta property=\"og:title\" content=\"Doradztwo w zakresie restrukturyzacji przedsi\u0119biorstw. - Infinity Partners\" \/>\n<meta property=\"og:url\" content=\"https:\/\/www.infinitypartners.eu\/pl\/oferta\/doradztwo-w-zakresie-restrukturyzacji-przedsiebiorstw\/\" \/>\n<meta property=\"og:site_name\" content=\"Infinity Partners\" \/>\n<meta property=\"article:modified_time\" content=\"2020-08-07T19:07:24+00:00\" \/>\n<meta name=\"twitter:card\" content=\"summary_large_image\" \/>\n<meta name=\"twitter:label1\" content=\"Szacowany czas czytania\" \/>\n\t<meta name=\"twitter:data1\" content=\"4 minuty\" \/>\n<script type=\"application\/ld+json\" class=\"yoast-schema-graph\">{\"@context\":\"https:\/\/schema.org\",\"@graph\":[{\"@type\":\"WebPage\",\"@id\":\"https:\/\/www.infinitypartners.eu\/pl\/oferta\/doradztwo-w-zakresie-restrukturyzacji-przedsiebiorstw\/\",\"url\":\"https:\/\/www.infinitypartners.eu\/pl\/oferta\/doradztwo-w-zakresie-restrukturyzacji-przedsiebiorstw\/\",\"name\":\"Doradztwo w zakresie restrukturyzacji przedsi\u0119biorstw. - Infinity Partners\",\"isPartOf\":{\"@id\":\"https:\/\/www.infinitypartners.eu\/pl\/#website\"},\"datePublished\":\"2020-07-27T13:07:47+00:00\",\"dateModified\":\"2020-08-07T19:07:24+00:00\",\"breadcrumb\":{\"@id\":\"https:\/\/www.infinitypartners.eu\/pl\/oferta\/doradztwo-w-zakresie-restrukturyzacji-przedsiebiorstw\/#breadcrumb\"},\"inLanguage\":\"pl-PL\",\"potentialAction\":[{\"@type\":\"ReadAction\",\"target\":[\"https:\/\/www.infinitypartners.eu\/pl\/oferta\/doradztwo-w-zakresie-restrukturyzacji-przedsiebiorstw\/\"]}]},{\"@type\":\"BreadcrumbList\",\"@id\":\"https:\/\/www.infinitypartners.eu\/pl\/oferta\/doradztwo-w-zakresie-restrukturyzacji-przedsiebiorstw\/#breadcrumb\",\"itemListElement\":[{\"@type\":\"ListItem\",\"position\":1,\"name\":\"Home\",\"item\":\"https:\/\/www.infinitypartners.eu\/pl\/\"},{\"@type\":\"ListItem\",\"position\":2,\"name\":\"Oferta\",\"item\":\"https:\/\/www.infinitypartners.eu\/pl\/oferta\/\"},{\"@type\":\"ListItem\",\"position\":3,\"name\":\"Doradztwo w zakresie restrukturyzacji przedsi\u0119biorstw.\"}]},{\"@type\":\"WebSite\",\"@id\":\"https:\/\/www.infinitypartners.eu\/pl\/#website\",\"url\":\"https:\/\/www.infinitypartners.eu\/pl\/\",\"name\":\"Infinity Partners\",\"description\":\"Advisory &amp; Investments\",\"potentialAction\":[{\"@type\":\"SearchAction\",\"target\":{\"@type\":\"EntryPoint\",\"urlTemplate\":\"https:\/\/www.infinitypartners.eu\/pl\/?s={search_term_string}\"},\"query-input\":{\"@type\":\"PropertyValueSpecification\",\"valueRequired\":true,\"valueName\":\"search_term_string\"}}],\"inLanguage\":\"pl-PL\"}]}<\/script>\n<!-- \/ Yoast SEO plugin. -->","yoast_head_json":{"title":"Doradztwo w zakresie restrukturyzacji przedsi\u0119biorstw. - Infinity Partners","robots":{"index":"index","follow":"follow","max-snippet":"max-snippet:-1","max-image-preview":"max-image-preview:large","max-video-preview":"max-video-preview:-1"},"canonical":"https:\/\/www.infinitypartners.eu\/pl\/oferta\/doradztwo-w-zakresie-restrukturyzacji-przedsiebiorstw\/","og_locale":"pl_PL","og_type":"article","og_title":"Doradztwo w zakresie restrukturyzacji przedsi\u0119biorstw. - Infinity Partners","og_url":"https:\/\/www.infinitypartners.eu\/pl\/oferta\/doradztwo-w-zakresie-restrukturyzacji-przedsiebiorstw\/","og_site_name":"Infinity Partners","article_modified_time":"2020-08-07T19:07:24+00:00","twitter_card":"summary_large_image","twitter_misc":{"Szacowany czas czytania":"4 minuty"},"schema":{"@context":"https:\/\/schema.org","@graph":[{"@type":"WebPage","@id":"https:\/\/www.infinitypartners.eu\/pl\/oferta\/doradztwo-w-zakresie-restrukturyzacji-przedsiebiorstw\/","url":"https:\/\/www.infinitypartners.eu\/pl\/oferta\/doradztwo-w-zakresie-restrukturyzacji-przedsiebiorstw\/","name":"Doradztwo w zakresie restrukturyzacji przedsi\u0119biorstw. - Infinity Partners","isPartOf":{"@id":"https:\/\/www.infinitypartners.eu\/pl\/#website"},"datePublished":"2020-07-27T13:07:47+00:00","dateModified":"2020-08-07T19:07:24+00:00","breadcrumb":{"@id":"https:\/\/www.infinitypartners.eu\/pl\/oferta\/doradztwo-w-zakresie-restrukturyzacji-przedsiebiorstw\/#breadcrumb"},"inLanguage":"pl-PL","potentialAction":[{"@type":"ReadAction","target":["https:\/\/www.infinitypartners.eu\/pl\/oferta\/doradztwo-w-zakresie-restrukturyzacji-przedsiebiorstw\/"]}]},{"@type":"BreadcrumbList","@id":"https:\/\/www.infinitypartners.eu\/pl\/oferta\/doradztwo-w-zakresie-restrukturyzacji-przedsiebiorstw\/#breadcrumb","itemListElement":[{"@type":"ListItem","position":1,"name":"Home","item":"https:\/\/www.infinitypartners.eu\/pl\/"},{"@type":"ListItem","position":2,"name":"Oferta","item":"https:\/\/www.infinitypartners.eu\/pl\/oferta\/"},{"@type":"ListItem","position":3,"name":"Doradztwo w zakresie restrukturyzacji przedsi\u0119biorstw."}]},{"@type":"WebSite","@id":"https:\/\/www.infinitypartners.eu\/pl\/#website","url":"https:\/\/www.infinitypartners.eu\/pl\/","name":"Infinity Partners","description":"Advisory &amp; Investments","potentialAction":[{"@type":"SearchAction","target":{"@type":"EntryPoint","urlTemplate":"https:\/\/www.infinitypartners.eu\/pl\/?s={search_term_string}"},"query-input":{"@type":"PropertyValueSpecification","valueRequired":true,"valueName":"search_term_string"}}],"inLanguage":"pl-PL"}]}},"_links":{"self":[{"href":"https:\/\/www.infinitypartners.eu\/pl\/wp-json\/wp\/v2\/pages\/934","targetHints":{"allow":["GET"]}}],"collection":[{"href":"https:\/\/www.infinitypartners.eu\/pl\/wp-json\/wp\/v2\/pages"}],"about":[{"href":"https:\/\/www.infinitypartners.eu\/pl\/wp-json\/wp\/v2\/types\/page"}],"author":[{"embeddable":true,"href":"https:\/\/www.infinitypartners.eu\/pl\/wp-json\/wp\/v2\/users\/4"}],"replies":[{"embeddable":true,"href":"https:\/\/www.infinitypartners.eu\/pl\/wp-json\/wp\/v2\/comments?post=934"}],"version-history":[{"count":2,"href":"https:\/\/www.infinitypartners.eu\/pl\/wp-json\/wp\/v2\/pages\/934\/revisions"}],"predecessor-version":[{"id":951,"href":"https:\/\/www.infinitypartners.eu\/pl\/wp-json\/wp\/v2\/pages\/934\/revisions\/951"}],"up":[{"embeddable":true,"href":"https:\/\/www.infinitypartners.eu\/pl\/wp-json\/wp\/v2\/pages\/12"}],"wp:attachment":[{"href":"https:\/\/www.infinitypartners.eu\/pl\/wp-json\/wp\/v2\/media?parent=934"}],"curies":[{"name":"wp","href":"https:\/\/api.w.org\/{rel}","templated":true}]}}