{"id":928,"date":"2020-07-27T12:52:21","date_gmt":"2020-07-27T12:52:21","guid":{"rendered":"https:\/\/www.infinitypartners.eu\/?page_id=928"},"modified":"2020-08-07T19:09:15","modified_gmt":"2020-08-07T19:09:15","slug":"outsourcing-dyrektora-finansowego","status":"publish","type":"page","link":"https:\/\/www.infinitypartners.eu\/pl\/oferta\/outsourcing-dyrektora-finansowego\/","title":{"rendered":"Outsourcing dyrektora finansowego"},"content":{"rendered":"<p><div class=\"fusion-fullwidth fullwidth-box fusion-builder-row-1 nonhundred-percent-fullwidth non-hundred-percent-height-scrolling\" style=\"background-color: rgba(255,255,255,0);background-position: center center;background-repeat: no-repeat;padding-top:0px;padding-right:0px;padding-bottom:0px;padding-left:0px;margin-bottom: 0px;margin-top: 0px;border-width: 0px 0px 0px 0px;border-color:#eae9e9;border-style:solid;\" ><div class=\"fusion-builder-row fusion-row\"><div class=\"fusion-layout-column fusion_builder_column fusion-builder-column-0 fusion_builder_column_1_1 1_1 fusion-one-full fusion-column-first fusion-column-last\" style=\"margin-top:0px;margin-bottom:20px;\"><div class=\"fusion-column-wrapper fusion-flex-column-wrapper-legacy\" style=\"background-position:left top;background-repeat:no-repeat;-webkit-background-size:cover;-moz-background-size:cover;-o-background-size:cover;background-size:cover;padding: 0px 0px 0px 0px;\"><div class=\"fusion-text fusion-text-1\"><h1>Outsourcing dyrektora finansowego<\/h1>\n<h3>Dzi\u0119ki us\u0142udze wynajmu dyrektora finansowego, wspieramy naszych klient\u00f3w w pe\u0142nym zakresie us\u0142ug finansowych, takich jak<\/h3>\n<\/div><div class=\"fusion-clearfix\"><\/div><\/div><\/div><\/div><\/div><div class=\"fusion-fullwidth fullwidth-box fusion-builder-row-2 nonhundred-percent-fullwidth non-hundred-percent-height-scrolling\" style=\"background-color: rgba(255,255,255,0);background-position: center center;background-repeat: no-repeat;padding-top:0px;padding-right:0px;padding-bottom:6%;padding-left:0px;margin-bottom: 0px;margin-top: 0px;border-width: 0px 0px 0px 0px;border-color:#eae9e9;border-style:solid;\" ><div class=\"fusion-builder-row fusion-row\"><div class=\"fusion-layout-column fusion_builder_column fusion-builder-column-1 fusion_builder_column_1_2 1_2 fusion-one-half fusion-column-first\" style=\"width:50%;width:calc(50% - ( ( 4% ) * 0.5 ) );margin-right: 4%;margin-top:0px;margin-bottom:20px;\"><div class=\"fusion-column-wrapper fusion-flex-column-wrapper-legacy\" style=\"background-position:left top;background-repeat:no-repeat;-webkit-background-size:cover;-moz-background-size:cover;-o-background-size:cover;background-size:cover;padding: 0px 0px 0px 0px;\"><div class=\"fusion-text fusion-text-2\"><h3>Us\u0142ugi obejmuj\u0105<\/h3>\n<\/div><ul class=\"fusion-checklist fusion-checklist-1\" style=\"font-size:13px;line-height:22.1px;\"><li class=\"fusion-li-item\"><span style=\"height:22.1px;width:22.1px;margin-right:9.1px;\" class=\"icon-wrapper circle-no\"><i class=\"fusion-li-icon fa fa-check\" style=\"color:#b7a488;\" aria-hidden=\"true\"><\/i><\/span><div class=\"fusion-li-item-content\" style=\"margin-left:31.2px;\">\n<p>Nakre\u015blenie kierunk\u00f3w rozwoju sp\u00f3\u0142ki oraz plan\u00f3w strategicznych<\/p>\n<\/div><\/li><li class=\"fusion-li-item\"><span style=\"height:22.1px;width:22.1px;margin-right:9.1px;\" class=\"icon-wrapper circle-no\"><i class=\"fusion-li-icon fa fa-check\" style=\"color:#b7a488;\" aria-hidden=\"true\"><\/i><\/span><div class=\"fusion-li-item-content\" style=\"margin-left:31.2px;\">\n<p>D\u0142ugoterminowe planowanie biznesu i finans\u00f3w<\/p>\n<\/div><\/li><li class=\"fusion-li-item\"><span style=\"height:22.1px;width:22.1px;margin-right:9.1px;\" class=\"icon-wrapper circle-no\"><i class=\"fusion-li-icon fa fa-check\" style=\"color:#b7a488;\" aria-hidden=\"true\"><\/i><\/span><div class=\"fusion-li-item-content\" style=\"margin-left:31.2px;\">\n<p>Przygotowanie firmy do transakcji kapita\u0142owych \u2013 sprzeda\u017c, przekszta\u0142cenie, po\u0142\u0105czenie i inne<\/p>\n<\/div><\/li><li class=\"fusion-li-item\"><span style=\"height:22.1px;width:22.1px;margin-right:9.1px;\" class=\"icon-wrapper circle-no\"><i class=\"fusion-li-icon fa fa-check\" style=\"color:#b7a488;\" aria-hidden=\"true\"><\/i><\/span><div class=\"fusion-li-item-content\" style=\"margin-left:31.2px;\">\n<p>Zbudowanie strategii finansowej<\/p>\n<\/div><\/li><li class=\"fusion-li-item\"><span style=\"height:22.1px;width:22.1px;margin-right:9.1px;\" class=\"icon-wrapper circle-no\"><i class=\"fusion-li-icon fa fa-check\" style=\"color:#b7a488;\" aria-hidden=\"true\"><\/i><\/span><div class=\"fusion-li-item-content\" style=\"margin-left:31.2px;\">\n<p>Analiza rentowno\u015bci i ryzyka inwestycji<\/p>\n<\/div><\/li><li class=\"fusion-li-item\"><span style=\"height:22.1px;width:22.1px;margin-right:9.1px;\" class=\"icon-wrapper circle-no\"><i class=\"fusion-li-icon fa fa-check\" style=\"color:#b7a488;\" aria-hidden=\"true\"><\/i><\/span><div class=\"fusion-li-item-content\" style=\"margin-left:31.2px;\">\n<p>Przygotowanie bud\u017cet\u00f3w \/ prognoz oraz ich monitoring<\/p>\n<\/div><\/li><li class=\"fusion-li-item\"><span style=\"height:22.1px;width:22.1px;margin-right:9.1px;\" class=\"icon-wrapper circle-no\"><i class=\"fusion-li-icon fa fa-check\" style=\"color:#b7a488;\" aria-hidden=\"true\"><\/i><\/span><div class=\"fusion-li-item-content\" style=\"margin-left:31.2px;\">\n<p>Pozyskanie finansowania i zarz\u0105dzaniu p\u0142ynno\u015bci\u0105 finansow\u0105<\/p>\n<\/div><\/li><\/ul><div class=\"fusion-clearfix\"><\/div><\/div><\/div><div class=\"fusion-layout-column fusion_builder_column fusion-builder-column-2 fusion_builder_column_1_2 1_2 fusion-one-half fusion-column-last\" style=\"width:50%;width:calc(50% - ( ( 4% ) * 0.5 ) );margin-top:0px;margin-bottom:20px;\"><div class=\"fusion-column-wrapper fusion-flex-column-wrapper-legacy\" style=\"background-position:left top;background-repeat:no-repeat;-webkit-background-size:cover;-moz-background-size:cover;-o-background-size:cover;background-size:cover;padding: 0px 0px 0px 0px;\"><ul class=\"fusion-checklist fusion-checklist-2\" style=\"font-size:13px;line-height:22.1px;\"><li class=\"fusion-li-item\"><span style=\"height:22.1px;width:22.1px;margin-right:9.1px;\" class=\"icon-wrapper circle-no\"><i class=\"fusion-li-icon fa fa-check\" style=\"color:#b7a488;\" aria-hidden=\"true\"><\/i><\/span><div class=\"fusion-li-item-content\" style=\"margin-left:31.2px;\">\n<p>Przygotowanie business planu \/ modelu finansowego<\/p>\n<\/div><\/li><li class=\"fusion-li-item\"><span style=\"height:22.1px;width:22.1px;margin-right:9.1px;\" class=\"icon-wrapper circle-no\"><i class=\"fusion-li-icon fa fa-check\" style=\"color:#b7a488;\" aria-hidden=\"true\"><\/i><\/span><div class=\"fusion-li-item-content\" style=\"margin-left:31.2px;\">\n<p>Zarz\u0105dzanie kosztami, kontraktami w celu poprawienia p\u0142ynno\u015bci<\/p>\n<\/div><\/li><li class=\"fusion-li-item\"><span style=\"height:22.1px;width:22.1px;margin-right:9.1px;\" class=\"icon-wrapper circle-no\"><i class=\"fusion-li-icon fa fa-check\" style=\"color:#b7a488;\" aria-hidden=\"true\"><\/i><\/span><div class=\"fusion-li-item-content\" style=\"margin-left:31.2px;\">\n<p>Optymalizacja struktury \u017ar\u00f3de\u0142 finansowania i poziomu maj\u0105tku obrotowego<\/p>\n<\/div><\/li><li class=\"fusion-li-item\"><span style=\"height:22.1px;width:22.1px;margin-right:9.1px;\" class=\"icon-wrapper circle-no\"><i class=\"fusion-li-icon fa fa-check\" style=\"color:#b7a488;\" aria-hidden=\"true\"><\/i><\/span><div class=\"fusion-li-item-content\" style=\"margin-left:31.2px;\">\n<p>Wsparcie w bie\u017c\u0105cych sprawach finansowych, finansach operacyjnych oraz rachunkowo\u015bci zarz\u0105dczej<\/p>\n<\/div><\/li><li class=\"fusion-li-item\"><span style=\"height:22.1px;width:22.1px;margin-right:9.1px;\" class=\"icon-wrapper circle-no\"><i class=\"fusion-li-icon fa fa-check\" style=\"color:#b7a488;\" aria-hidden=\"true\"><\/i><\/span><div class=\"fusion-li-item-content\" style=\"margin-left:31.2px;\">\n<p>Restrukturyzacja finansowa<\/p>\n<\/div><\/li><li class=\"fusion-li-item\"><span style=\"height:22.1px;width:22.1px;margin-right:9.1px;\" class=\"icon-wrapper circle-no\"><i class=\"fusion-li-icon fa fa-check\" style=\"color:#b7a488;\" aria-hidden=\"true\"><\/i><\/span><div class=\"fusion-li-item-content\" style=\"margin-left:31.2px;\">\n<p>Zarz\u0105dzanie ryzykiem finansowym i podatkowym<\/p>\n<\/div><\/li><li class=\"fusion-li-item\"><span style=\"height:22.1px;width:22.1px;margin-right:9.1px;\" class=\"icon-wrapper circle-no\"><i class=\"fusion-li-icon fa fa-check\" style=\"color:#b7a488;\" aria-hidden=\"true\"><\/i><\/span><div class=\"fusion-li-item-content\" style=\"margin-left:31.2px;\">\n<p>Przygotowanie modeli finansowych<\/p>\n<\/div><\/li><\/ul><div class=\"fusion-clearfix\"><\/div><\/div><\/div><\/div><\/div><\/p>\n","protected":false},"excerpt":{"rendered":"","protected":false},"author":4,"featured_media":0,"parent":12,"menu_order":0,"comment_status":"closed","ping_status":"closed","template":"","meta":{"footnotes":""},"class_list":["post-928","page","type-page","status-publish","hentry"],"yoast_head":"<!-- This site is optimized with the Yoast SEO plugin v26.6 - https:\/\/yoast.com\/wordpress\/plugins\/seo\/ -->\n<title>Outsourcing dyrektora finansowego - Infinity Partners<\/title>\n<meta name=\"robots\" content=\"index, follow, max-snippet:-1, max-image-preview:large, max-video-preview:-1\" \/>\n<link rel=\"canonical\" href=\"https:\/\/www.infinitypartners.eu\/pl\/oferta\/outsourcing-dyrektora-finansowego\/\" \/>\n<meta property=\"og:locale\" content=\"pl_PL\" \/>\n<meta property=\"og:type\" content=\"article\" \/>\n<meta property=\"og:title\" content=\"Outsourcing dyrektora finansowego - Infinity Partners\" \/>\n<meta property=\"og:url\" content=\"https:\/\/www.infinitypartners.eu\/pl\/oferta\/outsourcing-dyrektora-finansowego\/\" \/>\n<meta property=\"og:site_name\" content=\"Infinity Partners\" \/>\n<meta property=\"article:modified_time\" content=\"2020-08-07T19:09:15+00:00\" \/>\n<meta name=\"twitter:card\" content=\"summary_large_image\" \/>\n<meta name=\"twitter:label1\" content=\"Szacowany czas czytania\" \/>\n\t<meta name=\"twitter:data1\" content=\"4 minuty\" \/>\n<script type=\"application\/ld+json\" class=\"yoast-schema-graph\">{\"@context\":\"https:\/\/schema.org\",\"@graph\":[{\"@type\":\"WebPage\",\"@id\":\"https:\/\/www.infinitypartners.eu\/pl\/oferta\/outsourcing-dyrektora-finansowego\/\",\"url\":\"https:\/\/www.infinitypartners.eu\/pl\/oferta\/outsourcing-dyrektora-finansowego\/\",\"name\":\"Outsourcing dyrektora finansowego - Infinity Partners\",\"isPartOf\":{\"@id\":\"https:\/\/www.infinitypartners.eu\/pl\/#website\"},\"datePublished\":\"2020-07-27T12:52:21+00:00\",\"dateModified\":\"2020-08-07T19:09:15+00:00\",\"breadcrumb\":{\"@id\":\"https:\/\/www.infinitypartners.eu\/pl\/oferta\/outsourcing-dyrektora-finansowego\/#breadcrumb\"},\"inLanguage\":\"pl-PL\",\"potentialAction\":[{\"@type\":\"ReadAction\",\"target\":[\"https:\/\/www.infinitypartners.eu\/pl\/oferta\/outsourcing-dyrektora-finansowego\/\"]}]},{\"@type\":\"BreadcrumbList\",\"@id\":\"https:\/\/www.infinitypartners.eu\/pl\/oferta\/outsourcing-dyrektora-finansowego\/#breadcrumb\",\"itemListElement\":[{\"@type\":\"ListItem\",\"position\":1,\"name\":\"Home\",\"item\":\"https:\/\/www.infinitypartners.eu\/pl\/\"},{\"@type\":\"ListItem\",\"position\":2,\"name\":\"Oferta\",\"item\":\"https:\/\/www.infinitypartners.eu\/pl\/oferta\/\"},{\"@type\":\"ListItem\",\"position\":3,\"name\":\"Outsourcing dyrektora finansowego\"}]},{\"@type\":\"WebSite\",\"@id\":\"https:\/\/www.infinitypartners.eu\/pl\/#website\",\"url\":\"https:\/\/www.infinitypartners.eu\/pl\/\",\"name\":\"Infinity Partners\",\"description\":\"Advisory &amp; Investments\",\"potentialAction\":[{\"@type\":\"SearchAction\",\"target\":{\"@type\":\"EntryPoint\",\"urlTemplate\":\"https:\/\/www.infinitypartners.eu\/pl\/?s={search_term_string}\"},\"query-input\":{\"@type\":\"PropertyValueSpecification\",\"valueRequired\":true,\"valueName\":\"search_term_string\"}}],\"inLanguage\":\"pl-PL\"}]}<\/script>\n<!-- \/ Yoast SEO plugin. -->","yoast_head_json":{"title":"Outsourcing dyrektora finansowego - Infinity Partners","robots":{"index":"index","follow":"follow","max-snippet":"max-snippet:-1","max-image-preview":"max-image-preview:large","max-video-preview":"max-video-preview:-1"},"canonical":"https:\/\/www.infinitypartners.eu\/pl\/oferta\/outsourcing-dyrektora-finansowego\/","og_locale":"pl_PL","og_type":"article","og_title":"Outsourcing dyrektora finansowego - Infinity Partners","og_url":"https:\/\/www.infinitypartners.eu\/pl\/oferta\/outsourcing-dyrektora-finansowego\/","og_site_name":"Infinity Partners","article_modified_time":"2020-08-07T19:09:15+00:00","twitter_card":"summary_large_image","twitter_misc":{"Szacowany czas czytania":"4 minuty"},"schema":{"@context":"https:\/\/schema.org","@graph":[{"@type":"WebPage","@id":"https:\/\/www.infinitypartners.eu\/pl\/oferta\/outsourcing-dyrektora-finansowego\/","url":"https:\/\/www.infinitypartners.eu\/pl\/oferta\/outsourcing-dyrektora-finansowego\/","name":"Outsourcing dyrektora finansowego - Infinity Partners","isPartOf":{"@id":"https:\/\/www.infinitypartners.eu\/pl\/#website"},"datePublished":"2020-07-27T12:52:21+00:00","dateModified":"2020-08-07T19:09:15+00:00","breadcrumb":{"@id":"https:\/\/www.infinitypartners.eu\/pl\/oferta\/outsourcing-dyrektora-finansowego\/#breadcrumb"},"inLanguage":"pl-PL","potentialAction":[{"@type":"ReadAction","target":["https:\/\/www.infinitypartners.eu\/pl\/oferta\/outsourcing-dyrektora-finansowego\/"]}]},{"@type":"BreadcrumbList","@id":"https:\/\/www.infinitypartners.eu\/pl\/oferta\/outsourcing-dyrektora-finansowego\/#breadcrumb","itemListElement":[{"@type":"ListItem","position":1,"name":"Home","item":"https:\/\/www.infinitypartners.eu\/pl\/"},{"@type":"ListItem","position":2,"name":"Oferta","item":"https:\/\/www.infinitypartners.eu\/pl\/oferta\/"},{"@type":"ListItem","position":3,"name":"Outsourcing dyrektora finansowego"}]},{"@type":"WebSite","@id":"https:\/\/www.infinitypartners.eu\/pl\/#website","url":"https:\/\/www.infinitypartners.eu\/pl\/","name":"Infinity Partners","description":"Advisory &amp; Investments","potentialAction":[{"@type":"SearchAction","target":{"@type":"EntryPoint","urlTemplate":"https:\/\/www.infinitypartners.eu\/pl\/?s={search_term_string}"},"query-input":{"@type":"PropertyValueSpecification","valueRequired":true,"valueName":"search_term_string"}}],"inLanguage":"pl-PL"}]}},"_links":{"self":[{"href":"https:\/\/www.infinitypartners.eu\/pl\/wp-json\/wp\/v2\/pages\/928","targetHints":{"allow":["GET"]}}],"collection":[{"href":"https:\/\/www.infinitypartners.eu\/pl\/wp-json\/wp\/v2\/pages"}],"about":[{"href":"https:\/\/www.infinitypartners.eu\/pl\/wp-json\/wp\/v2\/types\/page"}],"author":[{"embeddable":true,"href":"https:\/\/www.infinitypartners.eu\/pl\/wp-json\/wp\/v2\/users\/4"}],"replies":[{"embeddable":true,"href":"https:\/\/www.infinitypartners.eu\/pl\/wp-json\/wp\/v2\/comments?post=928"}],"version-history":[{"count":5,"href":"https:\/\/www.infinitypartners.eu\/pl\/wp-json\/wp\/v2\/pages\/928\/revisions"}],"predecessor-version":[{"id":947,"href":"https:\/\/www.infinitypartners.eu\/pl\/wp-json\/wp\/v2\/pages\/928\/revisions\/947"}],"up":[{"embeddable":true,"href":"https:\/\/www.infinitypartners.eu\/pl\/wp-json\/wp\/v2\/pages\/12"}],"wp:attachment":[{"href":"https:\/\/www.infinitypartners.eu\/pl\/wp-json\/wp\/v2\/media?parent=928"}],"curies":[{"name":"wp","href":"https:\/\/api.w.org\/{rel}","templated":true}]}}