{"id":34,"date":"2017-11-02T15:57:31","date_gmt":"2017-11-02T15:57:31","guid":{"rendered":"https:\/\/www.infinitypartners.eu\/?page_id=34"},"modified":"2022-05-12T08:04:18","modified_gmt":"2022-05-12T08:04:18","slug":"zespol","status":"publish","type":"page","link":"https:\/\/www.infinitypartners.eu\/pl\/zespol\/","title":{"rendered":"Zesp\u00f3\u0142"},"content":{"rendered":"<div id=\"marcin\"><div class=\"fusion-fullwidth fullwidth-box fusion-builder-row-1 nonhundred-percent-fullwidth non-hundred-percent-height-scrolling\" style=\"background-color: rgba(255,255,255,0);background-position: center center;background-repeat: no-repeat;padding-top:0px;padding-right:0px;padding-bottom:0px;padding-left:0px;margin-bottom: 0px;margin-top: 0px;border-width: 0px 0px 0px 0px;border-color:#eae9e9;border-style:solid;\" ><div class=\"fusion-builder-row fusion-row\"><div class=\"fusion-layout-column fusion_builder_column fusion-builder-column-0 fusion_builder_column_1_5 1_5 fusion-one-fifth fusion-column-first\" style=\"width:20%;width:calc(20% - ( ( 4% ) * 0.2 ) );margin-right: 4%;margin-top:0px;margin-bottom:20px;\"><div class=\"fusion-column-wrapper fusion-flex-column-wrapper-legacy\" style=\"background-position:left top;background-repeat:no-repeat;-webkit-background-size:cover;-moz-background-size:cover;-o-background-size:cover;background-size:cover;padding: 0px 0px 0px 0px;\"><span class=\" fusion-imageframe imageframe-none imageframe-1 hover-type-none\"><img decoding=\"async\" width=\"253\" height=\"380\" title=\"Marcin\" src=\"data:image\/svg+xml,%3Csvg%20xmlns%3D%27http%3A%2F%2Fwww.w3.org%2F2000%2Fsvg%27%20width%3D%27253%27%20height%3D%27380%27%20viewBox%3D%270%200%20253%20380%27%3E%3Crect%20width%3D%27253%27%20height%3D%27380%27%20fill-opacity%3D%220%22%2F%3E%3C%2Fsvg%3E\" data-orig-src=\"https:\/\/www.infinitypartners.eu\/wp-content\/uploads\/2017\/11\/Marcin.png\" class=\"lazyload img-responsive wp-image-147\"\/><\/span><div class=\"fusion-clearfix\"><\/div><\/div><\/div><div class=\"fusion-layout-column fusion_builder_column fusion-builder-column-1 fusion_builder_column_4_5 4_5 fusion-four-fifth fusion-column-last\" style=\"width:80%;width:calc(80% - ( ( 4% ) * 0.8 ) );margin-top:-20px;margin-bottom:20px;\"><div class=\"fusion-column-wrapper fusion-flex-column-wrapper-legacy\" style=\"background-position:left top;background-repeat:no-repeat;-webkit-background-size:cover;-moz-background-size:cover;-o-background-size:cover;background-size:cover;padding: 0px 0px 0px 0px;\"><div class=\"fusion-text fusion-text-1\"><h1>Marcin \u0141ozi\u0144ski<\/h1>\n<\/div><div class=\"fusion-sep-clear\"><\/div><div class=\"fusion-separator fusion-clearfix\" style=\"float:left;margin-top:-5px;margin-bottom:10px;width:100%;max-width:10%;\"><div class=\"fusion-separator-border sep-single sep-solid\" style=\"border-color:#b7a488;border-top-width:2px;\"><\/div><\/div><div class=\"fusion-sep-clear\"><\/div><div class=\"fusion-text fusion-text-2\"><h3><span style=\"color: #b7a488;\">Dyrektor Zarz\u0105dzaj\u0105cy<br \/>\n<\/span><\/h3>\n<p>Absolwent warszawskiej Szko\u0142y G\u0142\u00f3wnej Handlowej, finansista z wielkim do\u015bwiadczeniem biznesowym; zarz\u0105dza\u0142 finansami sp\u00f3\u0142ek z bran\u017cy logistycznej, transportowej, nieruchomo\u015bci komercyjnych i mieszkaniowych oraz w bran\u017cy medycznej.<\/p>\n<\/div><style type=\"text\/css\">.fusion-accordian  #accordion-34-1 .panel-title a .fa-fusion-box{ color: #ffffff;}.fusion-accordian  #accordion-34-1 .panel-title a .fa-fusion-box:before{ font-size: 13px; width: 13px;}.fusion-accordian  #accordion-34-1 .panel-title a{font-size:15px;}.fusion-accordian  #accordion-34-1 .fa-fusion-box { background-color: #333333;border-color: #333333;}.fusion-accordian  #accordion-34-1 .panel-title a:hover, #accordion-34-1 .fusion-toggle-boxed-mode:hover .panel-title a { color: #ae9c83;}.fusion-accordian  #accordion-34-1 .panel-title .active .fa-fusion-box,.fusion-accordian  #accordion-34-1 .panel-title a:hover .fa-fusion-box { background-color: #ae9c83!important;border-color: #ae9c83!important;}<\/style><div class=\"accordian fusion-accordian\"><div class=\"panel-group\" id=\"accordion-34-1\"><div class=\"fusion-panel panel-default\"><div class=\"panel-heading\"><h4 class=\"panel-title toggle\"><a aria-expanded=\"false\" aria-controls=\"54cc2c6d2a6c19e23\" role=\"button\" data-toggle=\"collapse\" data-parent=\"#accordion-34-1\" data-target=\"#54cc2c6d2a6c19e23\" href=\"#54cc2c6d2a6c19e23\"><span class=\"fusion-toggle-icon-wrapper\" aria-hidden=\"true\"><i class=\"fa-fusion-box\" aria-hidden=\"true\"><\/i><\/span><span class=\"fusion-toggle-heading\">Read more<\/span><\/a><\/h4><\/div><div id=\"54cc2c6d2a6c19e23\" class=\"panel-collapse collapse \"><div class=\"panel-body toggle-content fusion-clearfix\">Marcin jest aktywny w bran\u017cy nieruchomo\u015bci od ponad dziesi\u0119ciu lat i zarz\u0105dza\u0142 finansami notowanych na AIM funduszy inwestuj\u0105cych w nieruchomo\u015bci komercyjne w Europie \u015arodkowo-Wschodniej o warto\u015bci ponad 500 mln euro. Prowadzi\u0142 transakcje kupna i sprzeda\u017cy nieruchomo\u015bci komercyjnych o warto\u015bci powy\u017cej 100 mln EUR, a tak\u017ce pozyskiwa\u0142 finansowanie d\u0142u\u017cne nieruchomo\u015bci komercyjnych o warto\u015bci 250 mln EUR<\/div><\/div><\/div><\/div><\/div><div class=\"fusion-sep-clear\"><\/div><div class=\"fusion-separator fusion-full-width-sep\" style=\"margin-left: auto;margin-right: auto;margin-top:10px;margin-bottom:10px;width:100%;\"><\/div><div class=\"fusion-sep-clear\"><\/div><div class=\"fusion-social-links\"><div class=\"fusion-social-networks\"><div class=\"fusion-social-networks-wrapper\"><a class=\"fusion-social-network-icon fusion-tooltip fusion-linkedin fusion-icon-linkedin\" style=\"color:#b7a488;font-size:16px;\" data-placement=\"top\" data-title=\"LinkedIn\" data-toggle=\"tooltip\" title=\"LinkedIn\" aria-label=\"linkedin\" target=\"_blank\" rel=\"noopener noreferrer\" href=\"https:\/\/www.linkedin.com\/in\/marcin-%C5%82ozi%C5%84ski-5ab4154\/?authType=NAME_SEARCH&amp;authToken=d7uN&amp;locale=en_US&amp;trk=tyah&amp;trkInfo=clickedVertical%3Amynetwork%2CclickedEntityId%3A12969491%2CauthType%3ANAME_SEARCH%2Cidx%3A1-1-1%2CtarId%3A1474976232679%2Ctas%3Amarcin%20%C5%82o\"><\/a><a class=\"fusion-social-network-icon fusion-tooltip fusion-mail fusion-icon-mail\" style=\"color:#b7a488;font-size:16px;\" data-placement=\"top\" data-title=\"Email\" data-toggle=\"tooltip\" title=\"Email\" aria-label=\"mail\" target=\"_blank\" rel=\"noopener noreferrer\" href=\"mailto:m&#097;&#114;&#099;&#105;n&#064;&#105;n&#102;&#105;&#110;&#105;t&#121;&#112;&#097;r&#116;&#110;er&#115;&#046;eu\"><\/a><\/div><\/div><\/div><div class=\"fusion-clearfix\"><\/div><\/div><\/div><\/div><\/div><\/div>\n","protected":false},"excerpt":{"rendered":"","protected":false},"author":4,"featured_media":0,"parent":0,"menu_order":0,"comment_status":"closed","ping_status":"closed","template":"","meta":{"footnotes":""},"class_list":["post-34","page","type-page","status-publish","hentry"],"yoast_head":"<!-- This site is optimized with the Yoast SEO plugin v27.5 - https:\/\/yoast.com\/product\/yoast-seo-wordpress\/ -->\n<title>Zesp\u00f3\u0142 - Infinity Partners<\/title>\n<meta name=\"description\" content=\"Nasz profesjonalny zesp\u00f3\u0142 zapewnia szereg us\u0142ug w zakresie doradztwa finansowego, inwestycji w nieruchomo\u015bci, zarz\u0105dzania finansami i inne.\" \/>\n<meta name=\"robots\" content=\"index, follow, max-snippet:-1, max-image-preview:large, max-video-preview:-1\" \/>\n<link rel=\"canonical\" href=\"https:\/\/www.infinitypartners.eu\/pl\/zespol\/\" \/>\n<meta property=\"og:locale\" content=\"pl_PL\" \/>\n<meta property=\"og:type\" content=\"article\" \/>\n<meta property=\"og:title\" content=\"Zesp\u00f3\u0142 - Infinity Partners\" \/>\n<meta property=\"og:description\" content=\"Nasz profesjonalny zesp\u00f3\u0142 zapewnia szereg us\u0142ug w zakresie doradztwa finansowego, inwestycji w nieruchomo\u015bci, zarz\u0105dzania finansami i inne.\" \/>\n<meta property=\"og:url\" content=\"https:\/\/www.infinitypartners.eu\/pl\/zespol\/\" \/>\n<meta property=\"og:site_name\" content=\"Infinity Partners\" \/>\n<meta property=\"article:modified_time\" content=\"2022-05-12T08:04:18+00:00\" \/>\n<meta name=\"twitter:card\" content=\"summary_large_image\" \/>\n<meta name=\"twitter:label1\" content=\"Szacowany czas czytania\" \/>\n\t<meta name=\"twitter:data1\" content=\"5 minut\" \/>\n<script type=\"application\/ld+json\" class=\"yoast-schema-graph\">{\"@context\":\"https:\\\/\\\/schema.org\",\"@graph\":[{\"@type\":\"WebPage\",\"@id\":\"https:\\\/\\\/www.infinitypartners.eu\\\/pl\\\/zespol\\\/\",\"url\":\"https:\\\/\\\/www.infinitypartners.eu\\\/pl\\\/zespol\\\/\",\"name\":\"Zesp\u00f3\u0142 - Infinity Partners\",\"isPartOf\":{\"@id\":\"https:\\\/\\\/www.infinitypartners.eu\\\/pl\\\/#website\"},\"datePublished\":\"2017-11-02T15:57:31+00:00\",\"dateModified\":\"2022-05-12T08:04:18+00:00\",\"description\":\"Nasz profesjonalny zesp\u00f3\u0142 zapewnia szereg us\u0142ug w zakresie doradztwa finansowego, inwestycji w nieruchomo\u015bci, zarz\u0105dzania finansami i inne.\",\"breadcrumb\":{\"@id\":\"https:\\\/\\\/www.infinitypartners.eu\\\/pl\\\/zespol\\\/#breadcrumb\"},\"inLanguage\":\"pl-PL\",\"potentialAction\":[{\"@type\":\"ReadAction\",\"target\":[\"https:\\\/\\\/www.infinitypartners.eu\\\/pl\\\/zespol\\\/\"]}]},{\"@type\":\"BreadcrumbList\",\"@id\":\"https:\\\/\\\/www.infinitypartners.eu\\\/pl\\\/zespol\\\/#breadcrumb\",\"itemListElement\":[{\"@type\":\"ListItem\",\"position\":1,\"name\":\"Home\",\"item\":\"https:\\\/\\\/www.infinitypartners.eu\\\/pl\\\/\"},{\"@type\":\"ListItem\",\"position\":2,\"name\":\"Zesp\u00f3\u0142\"}]},{\"@type\":\"WebSite\",\"@id\":\"https:\\\/\\\/www.infinitypartners.eu\\\/pl\\\/#website\",\"url\":\"https:\\\/\\\/www.infinitypartners.eu\\\/pl\\\/\",\"name\":\"Infinity Partners\",\"description\":\"Advisory &amp; Investments\",\"potentialAction\":[{\"@type\":\"SearchAction\",\"target\":{\"@type\":\"EntryPoint\",\"urlTemplate\":\"https:\\\/\\\/www.infinitypartners.eu\\\/pl\\\/?s={search_term_string}\"},\"query-input\":{\"@type\":\"PropertyValueSpecification\",\"valueRequired\":true,\"valueName\":\"search_term_string\"}}],\"inLanguage\":\"pl-PL\"}]}<\/script>\n<!-- \/ Yoast SEO plugin. -->","yoast_head_json":{"title":"Zesp\u00f3\u0142 - Infinity Partners","description":"Nasz profesjonalny zesp\u00f3\u0142 zapewnia szereg us\u0142ug w zakresie doradztwa finansowego, inwestycji w nieruchomo\u015bci, zarz\u0105dzania finansami i inne.","robots":{"index":"index","follow":"follow","max-snippet":"max-snippet:-1","max-image-preview":"max-image-preview:large","max-video-preview":"max-video-preview:-1"},"canonical":"https:\/\/www.infinitypartners.eu\/pl\/zespol\/","og_locale":"pl_PL","og_type":"article","og_title":"Zesp\u00f3\u0142 - Infinity Partners","og_description":"Nasz profesjonalny zesp\u00f3\u0142 zapewnia szereg us\u0142ug w zakresie doradztwa finansowego, inwestycji w nieruchomo\u015bci, zarz\u0105dzania finansami i inne.","og_url":"https:\/\/www.infinitypartners.eu\/pl\/zespol\/","og_site_name":"Infinity Partners","article_modified_time":"2022-05-12T08:04:18+00:00","twitter_card":"summary_large_image","twitter_misc":{"Szacowany czas czytania":"5 minut"},"schema":{"@context":"https:\/\/schema.org","@graph":[{"@type":"WebPage","@id":"https:\/\/www.infinitypartners.eu\/pl\/zespol\/","url":"https:\/\/www.infinitypartners.eu\/pl\/zespol\/","name":"Zesp\u00f3\u0142 - Infinity Partners","isPartOf":{"@id":"https:\/\/www.infinitypartners.eu\/pl\/#website"},"datePublished":"2017-11-02T15:57:31+00:00","dateModified":"2022-05-12T08:04:18+00:00","description":"Nasz profesjonalny zesp\u00f3\u0142 zapewnia szereg us\u0142ug w zakresie doradztwa finansowego, inwestycji w nieruchomo\u015bci, zarz\u0105dzania finansami i inne.","breadcrumb":{"@id":"https:\/\/www.infinitypartners.eu\/pl\/zespol\/#breadcrumb"},"inLanguage":"pl-PL","potentialAction":[{"@type":"ReadAction","target":["https:\/\/www.infinitypartners.eu\/pl\/zespol\/"]}]},{"@type":"BreadcrumbList","@id":"https:\/\/www.infinitypartners.eu\/pl\/zespol\/#breadcrumb","itemListElement":[{"@type":"ListItem","position":1,"name":"Home","item":"https:\/\/www.infinitypartners.eu\/pl\/"},{"@type":"ListItem","position":2,"name":"Zesp\u00f3\u0142"}]},{"@type":"WebSite","@id":"https:\/\/www.infinitypartners.eu\/pl\/#website","url":"https:\/\/www.infinitypartners.eu\/pl\/","name":"Infinity Partners","description":"Advisory &amp; Investments","potentialAction":[{"@type":"SearchAction","target":{"@type":"EntryPoint","urlTemplate":"https:\/\/www.infinitypartners.eu\/pl\/?s={search_term_string}"},"query-input":{"@type":"PropertyValueSpecification","valueRequired":true,"valueName":"search_term_string"}}],"inLanguage":"pl-PL"}]}},"_links":{"self":[{"href":"https:\/\/www.infinitypartners.eu\/pl\/wp-json\/wp\/v2\/pages\/34","targetHints":{"allow":["GET"]}}],"collection":[{"href":"https:\/\/www.infinitypartners.eu\/pl\/wp-json\/wp\/v2\/pages"}],"about":[{"href":"https:\/\/www.infinitypartners.eu\/pl\/wp-json\/wp\/v2\/types\/page"}],"author":[{"embeddable":true,"href":"https:\/\/www.infinitypartners.eu\/pl\/wp-json\/wp\/v2\/users\/4"}],"replies":[{"embeddable":true,"href":"https:\/\/www.infinitypartners.eu\/pl\/wp-json\/wp\/v2\/comments?post=34"}],"version-history":[{"count":44,"href":"https:\/\/www.infinitypartners.eu\/pl\/wp-json\/wp\/v2\/pages\/34\/revisions"}],"predecessor-version":[{"id":1218,"href":"https:\/\/www.infinitypartners.eu\/pl\/wp-json\/wp\/v2\/pages\/34\/revisions\/1218"}],"wp:attachment":[{"href":"https:\/\/www.infinitypartners.eu\/pl\/wp-json\/wp\/v2\/media?parent=34"}],"curies":[{"name":"wp","href":"https:\/\/api.w.org\/{rel}","templated":true}]}}