{"id":318,"date":"2017-11-07T19:01:30","date_gmt":"2017-11-07T19:01:30","guid":{"rendered":"https:\/\/www.infinitypartners.eu\/?page_id=318"},"modified":"2020-08-07T19:11:15","modified_gmt":"2020-08-07T19:11:15","slug":"posrednictwo-w-obrocie-nieruchomosciami","status":"publish","type":"page","link":"https:\/\/www.infinitypartners.eu\/pl\/oferta\/posrednictwo-w-obrocie-nieruchomosciami\/","title":{"rendered":"Po\u015brednictwo w obrocie nieruchomo\u015bciami"},"content":{"rendered":"<p><div class=\"fusion-fullwidth fullwidth-box fusion-builder-row-1 nonhundred-percent-fullwidth non-hundred-percent-height-scrolling\" style=\"background-color: rgba(255,255,255,0);background-position: center center;background-repeat: no-repeat;padding-top:0px;padding-right:0px;padding-bottom:0px;padding-left:0px;margin-bottom: 0px;margin-top: 0px;border-width: 0px 0px 0px 0px;border-color:#eae9e9;border-style:solid;\" ><div class=\"fusion-builder-row fusion-row\"><div class=\"fusion-layout-column fusion_builder_column fusion-builder-column-0 fusion_builder_column_1_1 1_1 fusion-one-full fusion-column-first fusion-column-last\" style=\"margin-top:0px;margin-bottom:20px;\"><div class=\"fusion-column-wrapper fusion-flex-column-wrapper-legacy\" style=\"background-position:left top;background-repeat:no-repeat;-webkit-background-size:cover;-moz-background-size:cover;-o-background-size:cover;background-size:cover;padding: 0px 0px 0px 0px;\"><div class=\"fusion-text fusion-text-1\"><h1>Niezale\u017cnie od tego, czy Twoim celem jest zdobycie lub sprzeda\u017c nieruchomo\u015bci, mo\u017cesz skorzysta\u0107 z naszych us\u0142ugi po\u015brednictwa.<\/h1>\n<\/div><div class=\"fusion-clearfix\"><\/div><\/div><\/div><\/div><\/div><div class=\"fusion-fullwidth fullwidth-box fusion-builder-row-2 nonhundred-percent-fullwidth non-hundred-percent-height-scrolling\" style=\"background-color: rgba(255,255,255,0);background-position: center center;background-repeat: no-repeat;padding-top:0px;padding-right:0px;padding-bottom:6%;padding-left:0px;margin-bottom: 0px;margin-top: 0px;border-width: 0px 0px 0px 0px;border-color:#eae9e9;border-style:solid;\" ><div class=\"fusion-builder-row fusion-row\"><div class=\"fusion-layout-column fusion_builder_column fusion-builder-column-1 fusion_builder_column_1_2 1_2 fusion-one-half fusion-column-first\" style=\"width:50%;width:calc(50% - ( ( 4% ) * 0.5 ) );margin-right: 4%;margin-top:0px;margin-bottom:20px;\"><div class=\"fusion-column-wrapper fusion-flex-column-wrapper-legacy\" style=\"background-position:left top;background-repeat:no-repeat;-webkit-background-size:cover;-moz-background-size:cover;-o-background-size:cover;background-size:cover;padding: 0px 0px 0px 0px;\"><div class=\"fusion-text fusion-text-2\"><p>Infinity posiada do\u015bwiadczenie i wiedz\u0119, a tak\u017ce sie\u0107 kontakt\u00f3w, kt\u00f3re pomog\u0105 Ci osi\u0105gn\u0105\u0107 najlepsze wyniki.<\/p>\n<p>Zesp\u00f3\u0142 Infinity \u015bwiadczy us\u0142ugi po\u015brednictwa dla kupuj\u0105cych i sprzedaj\u0105cych w sektorach<\/p>\n<\/div><ul class=\"fusion-checklist fusion-checklist-1\" style=\"font-size:13px;line-height:22.1px;\"><li class=\"fusion-li-item\"><span style=\"height:22.1px;width:22.1px;margin-right:9.1px;\" class=\"icon-wrapper circle-no\"><i class=\"fusion-li-icon fa fa-check\" style=\"color:#9b8c73;\" aria-hidden=\"true\"><\/i><\/span><div class=\"fusion-li-item-content\" style=\"margin-left:31.2px;\">\n<p id=\"tw-target-text\" class=\"tw-data-text tw-ta tw-text-medium\" dir=\"ltr\" data-placeholder=\"T\u0142umaczenie\">komercyjnym<\/p>\n<\/div><\/li><li class=\"fusion-li-item\"><span style=\"height:22.1px;width:22.1px;margin-right:9.1px;\" class=\"icon-wrapper circle-no\"><i class=\"fusion-li-icon fa fa-check\" style=\"color:#9b8c73;\" aria-hidden=\"true\"><\/i><\/span><div class=\"fusion-li-item-content\" style=\"margin-left:31.2px;\">\n<p id=\"tw-target-text\" class=\"tw-data-text tw-ta tw-text-medium\" dir=\"ltr\" data-placeholder=\"T\u0142umaczenie\">przemys\u0142owym<\/p>\n<\/div><\/li><li class=\"fusion-li-item\"><span style=\"height:22.1px;width:22.1px;margin-right:9.1px;\" class=\"icon-wrapper circle-no\"><i class=\"fusion-li-icon fa fa-check\" style=\"color:#9b8c73;\" aria-hidden=\"true\"><\/i><\/span><div class=\"fusion-li-item-content\" style=\"margin-left:31.2px;\">\n<p id=\"tw-target-text\" class=\"tw-data-text tw-ta tw-text-medium\" dir=\"ltr\" data-placeholder=\"T\u0142umaczenie\">handlowym<\/p>\n<\/div><\/li><\/ul><div class=\"fusion-text fusion-text-3\"><p>a tak\u017ce w zakresie grunt\u00f3w inwestycyjnych pod nowe budowle.<\/p>\n<p>Do\u015bwiadczenie zespo\u0142u pozwala nam rekomendowa\u0107 i wdra\u017ca\u0107 strategi\u0119 optymalnego wykorzystania nieruchomo\u015bci i zapewnia\u0107 maksymalne zwroty z nieruchomo\u015bci.<\/p>\n<\/div><div class=\"fusion-clearfix\"><\/div><\/div><\/div><div class=\"fusion-layout-column fusion_builder_column fusion-builder-column-2 fusion_builder_column_1_2 1_2 fusion-one-half fusion-column-last\" style=\"width:50%;width:calc(50% - ( ( 4% ) * 0.5 ) );margin-top:0px;margin-bottom:20px;\"><div class=\"fusion-column-wrapper fusion-flex-column-wrapper-legacy\" style=\"background-position:left top;background-repeat:no-repeat;-webkit-background-size:cover;-moz-background-size:cover;-o-background-size:cover;background-size:cover;padding: 0px 0px 0px 0px;\"><div class=\"fusion-text fusion-text-4\"><p>W ramach pomocy inwestorom i sprzedawcom, jeste\u015bmy w stanie pozyskiwa\u0107 i prezentowa\u0107 nieruchomo\u015bci oraz pomaga\u0107 w pozyskiwaniu finansowania d\u0142u\u017cnego prywatnego lub bankowego, a tak\u017ce poprzez powi\u0105zania z rynkami kapita\u0142owymi.<\/p>\n<p>Nasze us\u0142ugi obejmuj\u0105 r\u00f3wnie\u017c przygotowywanie memorandum informacyjnego, materia\u0142\u00f3w marketingowych, list\u00f3w intencyjnych oraz doradztwa podatkowego i prawnego w razie potrzeby.<\/p>\n<p>Jeste\u015bmy obecni od pocz\u0105tku i pozostajemy z naszymi klientami w trakcie procesu zakupu i sprzeda\u017cy.<\/p>\n<\/div><div class=\"fusion-clearfix\"><\/div><\/div><\/div><\/div><\/div><\/p>\n","protected":false},"excerpt":{"rendered":"","protected":false},"author":4,"featured_media":0,"parent":12,"menu_order":0,"comment_status":"closed","ping_status":"closed","template":"","meta":{"footnotes":""},"class_list":["post-318","page","type-page","status-publish","hentry"],"yoast_head":"<!-- This site is optimized with the Yoast SEO plugin v27.5 - https:\/\/yoast.com\/product\/yoast-seo-wordpress\/ -->\n<title>Po\u015brednictwo w obrocie nieruchomo\u015bciami - Infinity Partners<\/title>\n<meta name=\"robots\" content=\"index, follow, max-snippet:-1, max-image-preview:large, max-video-preview:-1\" \/>\n<link rel=\"canonical\" href=\"https:\/\/www.infinitypartners.eu\/pl\/oferta\/posrednictwo-w-obrocie-nieruchomosciami\/\" \/>\n<meta property=\"og:locale\" content=\"pl_PL\" \/>\n<meta property=\"og:type\" content=\"article\" \/>\n<meta property=\"og:title\" content=\"Po\u015brednictwo w obrocie nieruchomo\u015bciami - Infinity Partners\" \/>\n<meta property=\"og:url\" content=\"https:\/\/www.infinitypartners.eu\/pl\/oferta\/posrednictwo-w-obrocie-nieruchomosciami\/\" \/>\n<meta property=\"og:site_name\" content=\"Infinity Partners\" \/>\n<meta property=\"article:modified_time\" content=\"2020-08-07T19:11:15+00:00\" \/>\n<meta name=\"twitter:card\" content=\"summary_large_image\" \/>\n<meta name=\"twitter:label1\" content=\"Szacowany czas czytania\" \/>\n\t<meta name=\"twitter:data1\" content=\"3 minuty\" \/>\n<script type=\"application\/ld+json\" class=\"yoast-schema-graph\">{\"@context\":\"https:\\\/\\\/schema.org\",\"@graph\":[{\"@type\":\"WebPage\",\"@id\":\"https:\\\/\\\/www.infinitypartners.eu\\\/pl\\\/oferta\\\/posrednictwo-w-obrocie-nieruchomosciami\\\/\",\"url\":\"https:\\\/\\\/www.infinitypartners.eu\\\/pl\\\/oferta\\\/posrednictwo-w-obrocie-nieruchomosciami\\\/\",\"name\":\"Po\u015brednictwo w obrocie nieruchomo\u015bciami - Infinity Partners\",\"isPartOf\":{\"@id\":\"https:\\\/\\\/www.infinitypartners.eu\\\/pl\\\/#website\"},\"datePublished\":\"2017-11-07T19:01:30+00:00\",\"dateModified\":\"2020-08-07T19:11:15+00:00\",\"breadcrumb\":{\"@id\":\"https:\\\/\\\/www.infinitypartners.eu\\\/pl\\\/oferta\\\/posrednictwo-w-obrocie-nieruchomosciami\\\/#breadcrumb\"},\"inLanguage\":\"pl-PL\",\"potentialAction\":[{\"@type\":\"ReadAction\",\"target\":[\"https:\\\/\\\/www.infinitypartners.eu\\\/pl\\\/oferta\\\/posrednictwo-w-obrocie-nieruchomosciami\\\/\"]}]},{\"@type\":\"BreadcrumbList\",\"@id\":\"https:\\\/\\\/www.infinitypartners.eu\\\/pl\\\/oferta\\\/posrednictwo-w-obrocie-nieruchomosciami\\\/#breadcrumb\",\"itemListElement\":[{\"@type\":\"ListItem\",\"position\":1,\"name\":\"Home\",\"item\":\"https:\\\/\\\/www.infinitypartners.eu\\\/pl\\\/\"},{\"@type\":\"ListItem\",\"position\":2,\"name\":\"Oferta\",\"item\":\"https:\\\/\\\/www.infinitypartners.eu\\\/pl\\\/oferta\\\/\"},{\"@type\":\"ListItem\",\"position\":3,\"name\":\"Po\u015brednictwo w obrocie nieruchomo\u015bciami\"}]},{\"@type\":\"WebSite\",\"@id\":\"https:\\\/\\\/www.infinitypartners.eu\\\/pl\\\/#website\",\"url\":\"https:\\\/\\\/www.infinitypartners.eu\\\/pl\\\/\",\"name\":\"Infinity Partners\",\"description\":\"Advisory &amp; Investments\",\"potentialAction\":[{\"@type\":\"SearchAction\",\"target\":{\"@type\":\"EntryPoint\",\"urlTemplate\":\"https:\\\/\\\/www.infinitypartners.eu\\\/pl\\\/?s={search_term_string}\"},\"query-input\":{\"@type\":\"PropertyValueSpecification\",\"valueRequired\":true,\"valueName\":\"search_term_string\"}}],\"inLanguage\":\"pl-PL\"}]}<\/script>\n<!-- \/ Yoast SEO plugin. -->","yoast_head_json":{"title":"Po\u015brednictwo w obrocie nieruchomo\u015bciami - Infinity Partners","robots":{"index":"index","follow":"follow","max-snippet":"max-snippet:-1","max-image-preview":"max-image-preview:large","max-video-preview":"max-video-preview:-1"},"canonical":"https:\/\/www.infinitypartners.eu\/pl\/oferta\/posrednictwo-w-obrocie-nieruchomosciami\/","og_locale":"pl_PL","og_type":"article","og_title":"Po\u015brednictwo w obrocie nieruchomo\u015bciami - Infinity Partners","og_url":"https:\/\/www.infinitypartners.eu\/pl\/oferta\/posrednictwo-w-obrocie-nieruchomosciami\/","og_site_name":"Infinity Partners","article_modified_time":"2020-08-07T19:11:15+00:00","twitter_card":"summary_large_image","twitter_misc":{"Szacowany czas czytania":"3 minuty"},"schema":{"@context":"https:\/\/schema.org","@graph":[{"@type":"WebPage","@id":"https:\/\/www.infinitypartners.eu\/pl\/oferta\/posrednictwo-w-obrocie-nieruchomosciami\/","url":"https:\/\/www.infinitypartners.eu\/pl\/oferta\/posrednictwo-w-obrocie-nieruchomosciami\/","name":"Po\u015brednictwo w obrocie nieruchomo\u015bciami - Infinity Partners","isPartOf":{"@id":"https:\/\/www.infinitypartners.eu\/pl\/#website"},"datePublished":"2017-11-07T19:01:30+00:00","dateModified":"2020-08-07T19:11:15+00:00","breadcrumb":{"@id":"https:\/\/www.infinitypartners.eu\/pl\/oferta\/posrednictwo-w-obrocie-nieruchomosciami\/#breadcrumb"},"inLanguage":"pl-PL","potentialAction":[{"@type":"ReadAction","target":["https:\/\/www.infinitypartners.eu\/pl\/oferta\/posrednictwo-w-obrocie-nieruchomosciami\/"]}]},{"@type":"BreadcrumbList","@id":"https:\/\/www.infinitypartners.eu\/pl\/oferta\/posrednictwo-w-obrocie-nieruchomosciami\/#breadcrumb","itemListElement":[{"@type":"ListItem","position":1,"name":"Home","item":"https:\/\/www.infinitypartners.eu\/pl\/"},{"@type":"ListItem","position":2,"name":"Oferta","item":"https:\/\/www.infinitypartners.eu\/pl\/oferta\/"},{"@type":"ListItem","position":3,"name":"Po\u015brednictwo w obrocie nieruchomo\u015bciami"}]},{"@type":"WebSite","@id":"https:\/\/www.infinitypartners.eu\/pl\/#website","url":"https:\/\/www.infinitypartners.eu\/pl\/","name":"Infinity Partners","description":"Advisory &amp; Investments","potentialAction":[{"@type":"SearchAction","target":{"@type":"EntryPoint","urlTemplate":"https:\/\/www.infinitypartners.eu\/pl\/?s={search_term_string}"},"query-input":{"@type":"PropertyValueSpecification","valueRequired":true,"valueName":"search_term_string"}}],"inLanguage":"pl-PL"}]}},"_links":{"self":[{"href":"https:\/\/www.infinitypartners.eu\/pl\/wp-json\/wp\/v2\/pages\/318","targetHints":{"allow":["GET"]}}],"collection":[{"href":"https:\/\/www.infinitypartners.eu\/pl\/wp-json\/wp\/v2\/pages"}],"about":[{"href":"https:\/\/www.infinitypartners.eu\/pl\/wp-json\/wp\/v2\/types\/page"}],"author":[{"embeddable":true,"href":"https:\/\/www.infinitypartners.eu\/pl\/wp-json\/wp\/v2\/users\/4"}],"replies":[{"embeddable":true,"href":"https:\/\/www.infinitypartners.eu\/pl\/wp-json\/wp\/v2\/comments?post=318"}],"version-history":[{"count":1,"href":"https:\/\/www.infinitypartners.eu\/pl\/wp-json\/wp\/v2\/pages\/318\/revisions"}],"predecessor-version":[{"id":986,"href":"https:\/\/www.infinitypartners.eu\/pl\/wp-json\/wp\/v2\/pages\/318\/revisions\/986"}],"up":[{"embeddable":true,"href":"https:\/\/www.infinitypartners.eu\/pl\/wp-json\/wp\/v2\/pages\/12"}],"wp:attachment":[{"href":"https:\/\/www.infinitypartners.eu\/pl\/wp-json\/wp\/v2\/media?parent=318"}],"curies":[{"name":"wp","href":"https:\/\/api.w.org\/{rel}","templated":true}]}}