{"id":314,"date":"2017-11-07T18:59:11","date_gmt":"2017-11-07T18:59:11","guid":{"rendered":"https:\/\/www.infinitypartners.eu\/?page_id=314"},"modified":"2020-08-07T19:12:18","modified_gmt":"2020-08-07T19:12:18","slug":"uslugi-finansowe","status":"publish","type":"page","link":"https:\/\/www.infinitypartners.eu\/pl\/oferta\/uslugi-finansowe\/","title":{"rendered":"Us\u0142ugi finansowe"},"content":{"rendered":"<p><div class=\"fusion-fullwidth fullwidth-box fusion-builder-row-1 nonhundred-percent-fullwidth non-hundred-percent-height-scrolling\" style=\"background-color: rgba(255,255,255,0);background-position: center center;background-repeat: no-repeat;padding-top:0px;padding-right:0px;padding-bottom:0px;padding-left:0px;margin-bottom: 0px;margin-top: 0px;border-width: 0px 0px 0px 0px;border-color:#eae9e9;border-style:solid;\" ><div class=\"fusion-builder-row fusion-row\"><div class=\"fusion-layout-column fusion_builder_column fusion-builder-column-0 fusion_builder_column_1_1 1_1 fusion-one-full fusion-column-first fusion-column-last\" style=\"margin-top:0px;margin-bottom:20px;\"><div class=\"fusion-column-wrapper fusion-flex-column-wrapper-legacy\" style=\"background-position:left top;background-repeat:no-repeat;-webkit-background-size:cover;-moz-background-size:cover;-o-background-size:cover;background-size:cover;padding: 0px 0px 0px 0px;\"><div class=\"fusion-text fusion-text-1\"><h1>Wspieramy klient\u00f3w w pozyskiwaniu finansowaniu, refinansowaniu i tworzeniu struktury finansowej zwi\u0105zanej z ich inwestycjami.<\/h1>\n<p>Dzi\u0119ki naszym powi\u0105zaniom z rynkami kapita\u0142owymi jeste\u015bmy w stanie pom\u00f3c w pozyskiwaniu kapita\u0142u w\u0142asnego, d\u0142u\u017cnego i finansowania pomostowego.<\/p>\n<\/div><div class=\"fusion-clearfix\"><\/div><\/div><\/div><\/div><\/div><div class=\"fusion-fullwidth fullwidth-box fusion-builder-row-2 nonhundred-percent-fullwidth non-hundred-percent-height-scrolling fusion-equal-height-columns\" style=\"background-color: rgba(255,255,255,0);background-position: center center;background-repeat: no-repeat;padding-top:0px;padding-right:0px;padding-bottom:6%;padding-left:0px;margin-bottom: 0px;margin-top: 0px;border-width: 0px 0px 0px 0px;border-color:#eae9e9;border-style:solid;\" ><div class=\"fusion-builder-row fusion-row\"><div class=\"fusion-layout-column fusion_builder_column fusion-builder-column-1 fusion_builder_column_1_2 1_2 fusion-one-half fusion-column-first\" style=\"width:50%;width:calc(50% - ( ( 4% ) * 0.5 ) );margin-right: 4%;margin-top:0px;margin-bottom:20px;\"><div class=\"fusion-column-wrapper fusion-flex-column-wrapper-legacy\" style=\"background-position:left top;background-repeat:no-repeat;-webkit-background-size:cover;-moz-background-size:cover;-o-background-size:cover;background-size:cover;padding: 0px 0px 0px 0px;\"><div class=\"fusion-text fusion-text-2\"><h3>Nasze us\u0142ugi obejmuj\u0105:<\/h3>\n<\/div><ul class=\"fusion-checklist fusion-checklist-1\" style=\"font-size:13px;line-height:22.1px;\"><li class=\"fusion-li-item\"><span style=\"height:22.1px;width:22.1px;margin-right:9.1px;\" class=\"icon-wrapper circle-no\"><i class=\"fusion-li-icon fa fa-check\" style=\"color:#b7a488;\" aria-hidden=\"true\"><\/i><\/span><div class=\"fusion-li-item-content\" style=\"margin-left:31.2px;\">\n<p>Studium wykonalno\u015bci<\/p>\n<\/div><\/li><li class=\"fusion-li-item\"><span style=\"height:22.1px;width:22.1px;margin-right:9.1px;\" class=\"icon-wrapper circle-no\"><i class=\"fusion-li-icon fa fa-check\" style=\"color:#b7a488;\" aria-hidden=\"true\"><\/i><\/span><div class=\"fusion-li-item-content\" style=\"margin-left:31.2px;\">\n<p>Analiza finansowa i prawna projektu<\/p>\n<\/div><\/li><li class=\"fusion-li-item\"><span style=\"height:22.1px;width:22.1px;margin-right:9.1px;\" class=\"icon-wrapper circle-no\"><i class=\"fusion-li-icon fa fa-check\" style=\"color:#b7a488;\" aria-hidden=\"true\"><\/i><\/span><div class=\"fusion-li-item-content\" style=\"margin-left:31.2px;\">\n<p class=\"Body\">Kompleksowa ocena inwestycji, bior\u0105c pod uwag\u0119 wszystkie dane finansowe, przep\u0142ywy pieni\u0119\u017cne i rentowno\u015b\u0107 danej inwestycji.<\/p>\n<\/div><\/li><li class=\"fusion-li-item\"><span style=\"height:22.1px;width:22.1px;margin-right:9.1px;\" class=\"icon-wrapper circle-no\"><i class=\"fusion-li-icon fa fa-check\" style=\"color:#b7a488;\" aria-hidden=\"true\"><\/i><\/span><div class=\"fusion-li-item-content\" style=\"margin-left:31.2px;\">\n<p class=\"Body\">Doradztwo i wdro\u017cenie modelu finansowego, kt\u00f3ry opiera si\u0119 na szczeg\u00f3\u0142owej analizie za\u0142o\u017ce\u0144 finansowych i jest przedstawiony w arkuszu kalkulacyjnym z analiz\u0105 wra\u017cliwo\u015bci i \/ lub prognozowanymi scenariuszami.<\/p>\n<\/div><\/li><\/ul><div class=\"fusion-clearfix\"><\/div><\/div><\/div><div class=\"fusion-layout-column fusion_builder_column fusion-builder-column-2 fusion_builder_column_1_2 1_2 fusion-one-half fusion-column-last\" style=\"width:50%;width:calc(50% - ( ( 4% ) * 0.5 ) );margin-top:0px;margin-bottom:20px;\"><div class=\"fusion-column-wrapper fusion-flex-column-wrapper-legacy\" style=\"background-position:left top;background-repeat:no-repeat;-webkit-background-size:cover;-moz-background-size:cover;-o-background-size:cover;background-size:cover;padding: 0px 0px 0px 0px;\"><div class=\"fusion-column-content-centered\"><div class=\"fusion-column-content\"><ul class=\"fusion-checklist fusion-checklist-2\" style=\"font-size:13px;line-height:22.1px;\"><li class=\"fusion-li-item\"><span style=\"height:22.1px;width:22.1px;margin-right:9.1px;\" class=\"icon-wrapper circle-no\"><i class=\"fusion-li-icon fa fa-check\" style=\"color:#b7a488;\" aria-hidden=\"true\"><\/i><\/span><div class=\"fusion-li-item-content\" style=\"margin-left:31.2px;\">\n<p>Prezentacja projektu i modelu finansowego do inwestor\u00f3w, instytucji finansowych, funduszy inwestycyjnych itp<\/p>\n<\/div><\/li><li class=\"fusion-li-item\"><span style=\"height:22.1px;width:22.1px;margin-right:9.1px;\" class=\"icon-wrapper circle-no\"><i class=\"fusion-li-icon fa fa-check\" style=\"color:#b7a488;\" aria-hidden=\"true\"><\/i><\/span><div class=\"fusion-li-item-content\" style=\"margin-left:31.2px;\">\n<p>Udzia\u0142 w negocjacjach z instytucjami finansowymi i innymi<\/p>\n<\/div><\/li><li class=\"fusion-li-item\"><span style=\"height:22.1px;width:22.1px;margin-right:9.1px;\" class=\"icon-wrapper circle-no\"><i class=\"fusion-li-icon fa fa-check\" style=\"color:#b7a488;\" aria-hidden=\"true\"><\/i><\/span><div class=\"fusion-li-item-content\" style=\"margin-left:31.2px;\">\n<p>Przygotowania dokumentacji kredytowej lub innej, niezb\u0119dnej do zabezpieczenia po\u017cyczki, i podpisania umowy po\u017cyczki<\/p>\n<\/div><\/li><\/ul><\/div><\/div><div class=\"fusion-clearfix\"><\/div><\/div><\/div><\/div><\/div><\/p>\n","protected":false},"excerpt":{"rendered":"","protected":false},"author":4,"featured_media":0,"parent":12,"menu_order":0,"comment_status":"closed","ping_status":"closed","template":"","meta":{"footnotes":""},"class_list":["post-314","page","type-page","status-publish","hentry"],"yoast_head":"<!-- This site is optimized with the Yoast SEO plugin v27.5 - https:\/\/yoast.com\/product\/yoast-seo-wordpress\/ -->\n<title>Us\u0142ugi finansowe - Infinity Partners<\/title>\n<meta name=\"description\" content=\"Us\u0142ugi finansowe -Wspieramy klient\u00f3w w pozyskiwaniu finansowaniu, refinansowaniu i tworzeniu struktury finansowej zwi\u0105zanej z ich inwestycjami\" \/>\n<meta name=\"robots\" content=\"index, follow, max-snippet:-1, max-image-preview:large, max-video-preview:-1\" \/>\n<link rel=\"canonical\" href=\"https:\/\/www.infinitypartners.eu\/pl\/oferta\/uslugi-finansowe\/\" \/>\n<meta property=\"og:locale\" content=\"pl_PL\" \/>\n<meta property=\"og:type\" content=\"article\" \/>\n<meta property=\"og:title\" content=\"Us\u0142ugi finansowe - Infinity Partners\" \/>\n<meta property=\"og:description\" content=\"Us\u0142ugi finansowe -Wspieramy klient\u00f3w w pozyskiwaniu finansowaniu, refinansowaniu i tworzeniu struktury finansowej zwi\u0105zanej z ich inwestycjami\" \/>\n<meta property=\"og:url\" content=\"https:\/\/www.infinitypartners.eu\/pl\/oferta\/uslugi-finansowe\/\" \/>\n<meta property=\"og:site_name\" content=\"Infinity Partners\" \/>\n<meta property=\"article:modified_time\" content=\"2020-08-07T19:12:18+00:00\" \/>\n<meta name=\"twitter:card\" content=\"summary_large_image\" \/>\n<meta name=\"twitter:label1\" content=\"Szacowany czas czytania\" \/>\n\t<meta name=\"twitter:data1\" content=\"3 minuty\" \/>\n<script type=\"application\/ld+json\" class=\"yoast-schema-graph\">{\"@context\":\"https:\\\/\\\/schema.org\",\"@graph\":[{\"@type\":\"WebPage\",\"@id\":\"https:\\\/\\\/www.infinitypartners.eu\\\/pl\\\/oferta\\\/uslugi-finansowe\\\/\",\"url\":\"https:\\\/\\\/www.infinitypartners.eu\\\/pl\\\/oferta\\\/uslugi-finansowe\\\/\",\"name\":\"Us\u0142ugi finansowe - Infinity Partners\",\"isPartOf\":{\"@id\":\"https:\\\/\\\/www.infinitypartners.eu\\\/pl\\\/#website\"},\"datePublished\":\"2017-11-07T18:59:11+00:00\",\"dateModified\":\"2020-08-07T19:12:18+00:00\",\"description\":\"Us\u0142ugi finansowe -Wspieramy klient\u00f3w w pozyskiwaniu finansowaniu, refinansowaniu i tworzeniu struktury finansowej zwi\u0105zanej z ich inwestycjami\",\"breadcrumb\":{\"@id\":\"https:\\\/\\\/www.infinitypartners.eu\\\/pl\\\/oferta\\\/uslugi-finansowe\\\/#breadcrumb\"},\"inLanguage\":\"pl-PL\",\"potentialAction\":[{\"@type\":\"ReadAction\",\"target\":[\"https:\\\/\\\/www.infinitypartners.eu\\\/pl\\\/oferta\\\/uslugi-finansowe\\\/\"]}]},{\"@type\":\"BreadcrumbList\",\"@id\":\"https:\\\/\\\/www.infinitypartners.eu\\\/pl\\\/oferta\\\/uslugi-finansowe\\\/#breadcrumb\",\"itemListElement\":[{\"@type\":\"ListItem\",\"position\":1,\"name\":\"Home\",\"item\":\"https:\\\/\\\/www.infinitypartners.eu\\\/pl\\\/\"},{\"@type\":\"ListItem\",\"position\":2,\"name\":\"Oferta\",\"item\":\"https:\\\/\\\/www.infinitypartners.eu\\\/pl\\\/oferta\\\/\"},{\"@type\":\"ListItem\",\"position\":3,\"name\":\"Us\u0142ugi finansowe\"}]},{\"@type\":\"WebSite\",\"@id\":\"https:\\\/\\\/www.infinitypartners.eu\\\/pl\\\/#website\",\"url\":\"https:\\\/\\\/www.infinitypartners.eu\\\/pl\\\/\",\"name\":\"Infinity Partners\",\"description\":\"Advisory &amp; Investments\",\"potentialAction\":[{\"@type\":\"SearchAction\",\"target\":{\"@type\":\"EntryPoint\",\"urlTemplate\":\"https:\\\/\\\/www.infinitypartners.eu\\\/pl\\\/?s={search_term_string}\"},\"query-input\":{\"@type\":\"PropertyValueSpecification\",\"valueRequired\":true,\"valueName\":\"search_term_string\"}}],\"inLanguage\":\"pl-PL\"}]}<\/script>\n<!-- \/ Yoast SEO plugin. -->","yoast_head_json":{"title":"Us\u0142ugi finansowe - Infinity Partners","description":"Us\u0142ugi finansowe -Wspieramy klient\u00f3w w pozyskiwaniu finansowaniu, refinansowaniu i tworzeniu struktury finansowej zwi\u0105zanej z ich inwestycjami","robots":{"index":"index","follow":"follow","max-snippet":"max-snippet:-1","max-image-preview":"max-image-preview:large","max-video-preview":"max-video-preview:-1"},"canonical":"https:\/\/www.infinitypartners.eu\/pl\/oferta\/uslugi-finansowe\/","og_locale":"pl_PL","og_type":"article","og_title":"Us\u0142ugi finansowe - Infinity Partners","og_description":"Us\u0142ugi finansowe -Wspieramy klient\u00f3w w pozyskiwaniu finansowaniu, refinansowaniu i tworzeniu struktury finansowej zwi\u0105zanej z ich inwestycjami","og_url":"https:\/\/www.infinitypartners.eu\/pl\/oferta\/uslugi-finansowe\/","og_site_name":"Infinity Partners","article_modified_time":"2020-08-07T19:12:18+00:00","twitter_card":"summary_large_image","twitter_misc":{"Szacowany czas czytania":"3 minuty"},"schema":{"@context":"https:\/\/schema.org","@graph":[{"@type":"WebPage","@id":"https:\/\/www.infinitypartners.eu\/pl\/oferta\/uslugi-finansowe\/","url":"https:\/\/www.infinitypartners.eu\/pl\/oferta\/uslugi-finansowe\/","name":"Us\u0142ugi finansowe - Infinity Partners","isPartOf":{"@id":"https:\/\/www.infinitypartners.eu\/pl\/#website"},"datePublished":"2017-11-07T18:59:11+00:00","dateModified":"2020-08-07T19:12:18+00:00","description":"Us\u0142ugi finansowe -Wspieramy klient\u00f3w w pozyskiwaniu finansowaniu, refinansowaniu i tworzeniu struktury finansowej zwi\u0105zanej z ich inwestycjami","breadcrumb":{"@id":"https:\/\/www.infinitypartners.eu\/pl\/oferta\/uslugi-finansowe\/#breadcrumb"},"inLanguage":"pl-PL","potentialAction":[{"@type":"ReadAction","target":["https:\/\/www.infinitypartners.eu\/pl\/oferta\/uslugi-finansowe\/"]}]},{"@type":"BreadcrumbList","@id":"https:\/\/www.infinitypartners.eu\/pl\/oferta\/uslugi-finansowe\/#breadcrumb","itemListElement":[{"@type":"ListItem","position":1,"name":"Home","item":"https:\/\/www.infinitypartners.eu\/pl\/"},{"@type":"ListItem","position":2,"name":"Oferta","item":"https:\/\/www.infinitypartners.eu\/pl\/oferta\/"},{"@type":"ListItem","position":3,"name":"Us\u0142ugi finansowe"}]},{"@type":"WebSite","@id":"https:\/\/www.infinitypartners.eu\/pl\/#website","url":"https:\/\/www.infinitypartners.eu\/pl\/","name":"Infinity Partners","description":"Advisory &amp; Investments","potentialAction":[{"@type":"SearchAction","target":{"@type":"EntryPoint","urlTemplate":"https:\/\/www.infinitypartners.eu\/pl\/?s={search_term_string}"},"query-input":{"@type":"PropertyValueSpecification","valueRequired":true,"valueName":"search_term_string"}}],"inLanguage":"pl-PL"}]}},"_links":{"self":[{"href":"https:\/\/www.infinitypartners.eu\/pl\/wp-json\/wp\/v2\/pages\/314","targetHints":{"allow":["GET"]}}],"collection":[{"href":"https:\/\/www.infinitypartners.eu\/pl\/wp-json\/wp\/v2\/pages"}],"about":[{"href":"https:\/\/www.infinitypartners.eu\/pl\/wp-json\/wp\/v2\/types\/page"}],"author":[{"embeddable":true,"href":"https:\/\/www.infinitypartners.eu\/pl\/wp-json\/wp\/v2\/users\/4"}],"replies":[{"embeddable":true,"href":"https:\/\/www.infinitypartners.eu\/pl\/wp-json\/wp\/v2\/comments?post=314"}],"version-history":[{"count":1,"href":"https:\/\/www.infinitypartners.eu\/pl\/wp-json\/wp\/v2\/pages\/314\/revisions"}],"predecessor-version":[{"id":983,"href":"https:\/\/www.infinitypartners.eu\/pl\/wp-json\/wp\/v2\/pages\/314\/revisions\/983"}],"up":[{"embeddable":true,"href":"https:\/\/www.infinitypartners.eu\/pl\/wp-json\/wp\/v2\/pages\/12"}],"wp:attachment":[{"href":"https:\/\/www.infinitypartners.eu\/pl\/wp-json\/wp\/v2\/media?parent=314"}],"curies":[{"name":"wp","href":"https:\/\/api.w.org\/{rel}","templated":true}]}}