{"id":310,"date":"2017-11-07T18:55:07","date_gmt":"2017-11-07T18:55:07","guid":{"rendered":"https:\/\/www.infinitypartners.eu\/?page_id=310"},"modified":"2020-08-07T19:14:00","modified_gmt":"2020-08-07T19:14:00","slug":"zarzadzanie-nieruchomosciami-i-aktywami","status":"publish","type":"page","link":"https:\/\/www.infinitypartners.eu\/pl\/oferta\/zarzadzanie-nieruchomosciami-i-aktywami\/","title":{"rendered":"Zarz\u0105dzanie nieruchomo\u015bciami i aktywami"},"content":{"rendered":"<p><div class=\"fusion-fullwidth fullwidth-box fusion-builder-row-1 nonhundred-percent-fullwidth non-hundred-percent-height-scrolling\" style=\"background-color: rgba(255,255,255,0);background-position: center center;background-repeat: no-repeat;padding-top:0px;padding-right:0px;padding-bottom:0px;padding-left:0px;margin-bottom: 0px;margin-top: 0px;border-width: 0px 0px 0px 0px;border-color:#eae9e9;border-style:solid;\" ><div class=\"fusion-builder-row fusion-row\"><div class=\"fusion-layout-column fusion_builder_column fusion-builder-column-0 fusion_builder_column_1_1 1_1 fusion-one-full fusion-column-first fusion-column-last\" style=\"margin-top:0px;margin-bottom:20px;\"><div class=\"fusion-column-wrapper fusion-flex-column-wrapper-legacy\" style=\"background-position:left top;background-repeat:no-repeat;-webkit-background-size:cover;-moz-background-size:cover;-o-background-size:cover;background-size:cover;padding: 0px 0px 0px 0px;\"><div class=\"fusion-text fusion-text-1\"><h1>Infinity wsp\u00f3\u0142pracuje z Tob\u0105, aby zmaksymalizowa\u0107 warto\u015b\u0107 Twoich aktyw\u00f3w i zwrot z inwestycji.<\/h1>\n<\/div><div class=\"fusion-clearfix\"><\/div><\/div><\/div><\/div><\/div><div class=\"fusion-fullwidth fullwidth-box fusion-builder-row-2 nonhundred-percent-fullwidth non-hundred-percent-height-scrolling\" style=\"background-color: rgba(255,255,255,0);background-position: center center;background-repeat: no-repeat;padding-top:0px;padding-right:0px;padding-bottom:6%;padding-left:0px;margin-bottom: 0px;margin-top: 0px;border-width: 0px 0px 0px 0px;border-color:#eae9e9;border-style:solid;\" ><div class=\"fusion-builder-row fusion-row\"><div class=\"fusion-layout-column fusion_builder_column fusion-builder-column-1 fusion_builder_column_1_2 1_2 fusion-one-half fusion-column-first\" style=\"width:50%;width:calc(50% - ( ( 4% ) * 0.5 ) );margin-right: 4%;margin-top:0px;margin-bottom:20px;\"><div class=\"fusion-column-wrapper fusion-flex-column-wrapper-legacy\" style=\"background-position:left top;background-repeat:no-repeat;-webkit-background-size:cover;-moz-background-size:cover;-o-background-size:cover;background-size:cover;padding: 0px 0px 0px 0px;\"><div class=\"fusion-text fusion-text-2\"><p>Od pocz\u0105tku procesu inwestycyjnego (budowa lub nabywanie nieruchomo\u015bci) staramy si\u0119 zwi\u0119ksza\u0107 potencja\u0142 przychodowy i rentowno\u015b\u0107 nieruchomo\u015bci w ramach realizacji strategii inwestycyjnej pojedynczego klienta.<\/p>\n<p>Analizujemy wydajno\u015b\u0107 Twoich aktyw\u00f3w w zale\u017cno\u015bci od kraju, lokalizacji i rynku nieruchomo\u015bci, aby okre\u015bli\u0107, jak najlepiej wykorzysta\u0107 Twoj\u0105 nieruchomo\u015b\u0107. W razie potrzeby doradzamy, jak zmieni\u0107 funkcj\u0119 nieruchomo\u015bci i wymagany poziom finansowania, a nast\u0119pnie wsp\u00f3\u0142pracujemy z Pa\u0144stwem przy wdra\u017caniu planu.<\/p>\n<p class=\"Body\"><span style=\"font-family: 'Didot',serif;\">Nasze rekomendacje oparte s\u0105 na szeregu wska\u017anik\u00f3w finansowych, kt\u00f3re obejmuj\u0105 mi\u0119dzy innymi analiz\u0119 przep\u0142yw\u00f3w pieni\u0119\u017cnych, ROI, IRR i NPV.<\/span><\/p>\n<\/div><div class=\"fusion-clearfix\"><\/div><\/div><\/div><div class=\"fusion-layout-column fusion_builder_column fusion-builder-column-2 fusion_builder_column_1_2 1_2 fusion-one-half fusion-column-last\" style=\"width:50%;width:calc(50% - ( ( 4% ) * 0.5 ) );margin-top:0px;margin-bottom:20px;\"><div class=\"fusion-column-wrapper fusion-flex-column-wrapper-legacy\" style=\"background-position:left top;background-repeat:no-repeat;-webkit-background-size:cover;-moz-background-size:cover;-o-background-size:cover;background-size:cover;padding: 0px 0px 0px 0px;\"><div class=\"fusion-text fusion-text-3\"><h3>Nasze us\u0142ugi zarz\u0105dzania aktywami obejmuj\u0105:<\/h3>\n<\/div><ul class=\"fusion-checklist fusion-checklist-1\" style=\"font-size:13px;line-height:22.1px;\"><li class=\"fusion-li-item\"><span style=\"height:22.1px;width:22.1px;margin-right:9.1px;\" class=\"icon-wrapper circle-no\"><i class=\"fusion-li-icon fa fa-check\" style=\"color:#b7a488;\" aria-hidden=\"true\"><\/i><\/span><div class=\"fusion-li-item-content\" style=\"margin-left:31.2px;\">\n<p>Struktura najmu<\/p>\n<\/div><\/li><li class=\"fusion-li-item\"><span style=\"height:22.1px;width:22.1px;margin-right:9.1px;\" class=\"icon-wrapper circle-no\"><i class=\"fusion-li-icon fa fa-check\" style=\"color:#b7a488;\" aria-hidden=\"true\"><\/i><\/span><div class=\"fusion-li-item-content\" style=\"margin-left:31.2px;\">\n<p>Optymalizacja struktury finansowania<\/p>\n<\/div><\/li><li class=\"fusion-li-item\"><span style=\"height:22.1px;width:22.1px;margin-right:9.1px;\" class=\"icon-wrapper circle-no\"><i class=\"fusion-li-icon fa fa-check\" style=\"color:#b7a488;\" aria-hidden=\"true\"><\/i><\/span><div class=\"fusion-li-item-content\" style=\"margin-left:31.2px;\">\n<p>Optymalizacja podatkowa na poziomie maj\u0105tku i aktyw\u00f3w<\/p>\n<\/div><\/li><li class=\"fusion-li-item\"><span style=\"height:22.1px;width:22.1px;margin-right:9.1px;\" class=\"icon-wrapper circle-no\"><i class=\"fusion-li-icon fa fa-check\" style=\"color:#b7a488;\" aria-hidden=\"true\"><\/i><\/span><div class=\"fusion-li-item-content\" style=\"margin-left:31.2px;\">\n<p>Analiza SWOT &#8211; w tym analiza mo\u017cliwo\u015bci rozwoju (przebudowa \/ rozbudowa)<\/p>\n<\/div><\/li><li class=\"fusion-li-item\"><span style=\"height:22.1px;width:22.1px;margin-right:9.1px;\" class=\"icon-wrapper circle-no\"><i class=\"fusion-li-icon fa fa-check\" style=\"color:#b7a488;\" aria-hidden=\"true\"><\/i><\/span><div class=\"fusion-li-item-content\" style=\"margin-left:31.2px;\">\n<p>Bie\u017c\u0105ca analiza i raportowanie w celu zapewnienia przejrzysto\u015bci i w\u0142a\u015bciwego nadzoru<\/p>\n<\/div><\/li><li class=\"fusion-li-item\"><span style=\"height:22.1px;width:22.1px;margin-right:9.1px;\" class=\"icon-wrapper circle-no\"><i class=\"fusion-li-icon fa fa-check\" style=\"color:#b7a488;\" aria-hidden=\"true\"><\/i><\/span><div class=\"fusion-li-item-content\" style=\"margin-left:31.2px;\">\n<p>Okre\u015blenie momentu ewentualnego wyj\u015bcia z inwestycji (sprzeda\u017cy) lub przebudowy portfela nieruchomo\u015bci.<\/p>\n<\/div><\/li><li class=\"fusion-li-item\"><span style=\"height:22.1px;width:22.1px;margin-right:9.1px;\" class=\"icon-wrapper circle-no\"><i class=\"fusion-li-icon fa fa-check\" style=\"color:#b7a488;\" aria-hidden=\"true\"><\/i><\/span><div class=\"fusion-li-item-content\" style=\"margin-left:31.2px;\">\n<p>Zgodno\u015b\u0107 z przepisami<\/p>\n<\/div><\/li><\/ul><div class=\"fusion-clearfix\"><\/div><\/div><\/div><\/div><\/div><\/p>\n","protected":false},"excerpt":{"rendered":"","protected":false},"author":4,"featured_media":0,"parent":12,"menu_order":0,"comment_status":"closed","ping_status":"closed","template":"","meta":{"footnotes":""},"class_list":["post-310","page","type-page","status-publish","hentry"],"yoast_head":"<!-- This site is optimized with the Yoast SEO plugin v27.5 - https:\/\/yoast.com\/product\/yoast-seo-wordpress\/ -->\n<title>Zarz\u0105dzanie nieruchomo\u015bciami i aktywami - Infinity Partners<\/title>\n<meta name=\"robots\" content=\"index, follow, max-snippet:-1, max-image-preview:large, max-video-preview:-1\" \/>\n<link rel=\"canonical\" href=\"https:\/\/www.infinitypartners.eu\/pl\/oferta\/zarzadzanie-nieruchomosciami-i-aktywami\/\" \/>\n<meta property=\"og:locale\" content=\"pl_PL\" \/>\n<meta property=\"og:type\" content=\"article\" \/>\n<meta property=\"og:title\" content=\"Zarz\u0105dzanie nieruchomo\u015bciami i aktywami - Infinity Partners\" \/>\n<meta property=\"og:url\" content=\"https:\/\/www.infinitypartners.eu\/pl\/oferta\/zarzadzanie-nieruchomosciami-i-aktywami\/\" \/>\n<meta property=\"og:site_name\" content=\"Infinity Partners\" \/>\n<meta property=\"article:modified_time\" content=\"2020-08-07T19:14:00+00:00\" \/>\n<meta name=\"twitter:card\" content=\"summary_large_image\" \/>\n<meta name=\"twitter:label1\" content=\"Szacowany czas czytania\" \/>\n\t<meta name=\"twitter:data1\" content=\"3 minuty\" \/>\n<script type=\"application\/ld+json\" class=\"yoast-schema-graph\">{\"@context\":\"https:\\\/\\\/schema.org\",\"@graph\":[{\"@type\":\"WebPage\",\"@id\":\"https:\\\/\\\/www.infinitypartners.eu\\\/pl\\\/oferta\\\/zarzadzanie-nieruchomosciami-i-aktywami\\\/\",\"url\":\"https:\\\/\\\/www.infinitypartners.eu\\\/pl\\\/oferta\\\/zarzadzanie-nieruchomosciami-i-aktywami\\\/\",\"name\":\"Zarz\u0105dzanie nieruchomo\u015bciami i aktywami - Infinity Partners\",\"isPartOf\":{\"@id\":\"https:\\\/\\\/www.infinitypartners.eu\\\/pl\\\/#website\"},\"datePublished\":\"2017-11-07T18:55:07+00:00\",\"dateModified\":\"2020-08-07T19:14:00+00:00\",\"breadcrumb\":{\"@id\":\"https:\\\/\\\/www.infinitypartners.eu\\\/pl\\\/oferta\\\/zarzadzanie-nieruchomosciami-i-aktywami\\\/#breadcrumb\"},\"inLanguage\":\"pl-PL\",\"potentialAction\":[{\"@type\":\"ReadAction\",\"target\":[\"https:\\\/\\\/www.infinitypartners.eu\\\/pl\\\/oferta\\\/zarzadzanie-nieruchomosciami-i-aktywami\\\/\"]}]},{\"@type\":\"BreadcrumbList\",\"@id\":\"https:\\\/\\\/www.infinitypartners.eu\\\/pl\\\/oferta\\\/zarzadzanie-nieruchomosciami-i-aktywami\\\/#breadcrumb\",\"itemListElement\":[{\"@type\":\"ListItem\",\"position\":1,\"name\":\"Home\",\"item\":\"https:\\\/\\\/www.infinitypartners.eu\\\/pl\\\/\"},{\"@type\":\"ListItem\",\"position\":2,\"name\":\"Oferta\",\"item\":\"https:\\\/\\\/www.infinitypartners.eu\\\/pl\\\/oferta\\\/\"},{\"@type\":\"ListItem\",\"position\":3,\"name\":\"Zarz\u0105dzanie nieruchomo\u015bciami i aktywami\"}]},{\"@type\":\"WebSite\",\"@id\":\"https:\\\/\\\/www.infinitypartners.eu\\\/pl\\\/#website\",\"url\":\"https:\\\/\\\/www.infinitypartners.eu\\\/pl\\\/\",\"name\":\"Infinity Partners\",\"description\":\"Advisory &amp; Investments\",\"potentialAction\":[{\"@type\":\"SearchAction\",\"target\":{\"@type\":\"EntryPoint\",\"urlTemplate\":\"https:\\\/\\\/www.infinitypartners.eu\\\/pl\\\/?s={search_term_string}\"},\"query-input\":{\"@type\":\"PropertyValueSpecification\",\"valueRequired\":true,\"valueName\":\"search_term_string\"}}],\"inLanguage\":\"pl-PL\"}]}<\/script>\n<!-- \/ Yoast SEO plugin. -->","yoast_head_json":{"title":"Zarz\u0105dzanie nieruchomo\u015bciami i aktywami - Infinity Partners","robots":{"index":"index","follow":"follow","max-snippet":"max-snippet:-1","max-image-preview":"max-image-preview:large","max-video-preview":"max-video-preview:-1"},"canonical":"https:\/\/www.infinitypartners.eu\/pl\/oferta\/zarzadzanie-nieruchomosciami-i-aktywami\/","og_locale":"pl_PL","og_type":"article","og_title":"Zarz\u0105dzanie nieruchomo\u015bciami i aktywami - Infinity Partners","og_url":"https:\/\/www.infinitypartners.eu\/pl\/oferta\/zarzadzanie-nieruchomosciami-i-aktywami\/","og_site_name":"Infinity Partners","article_modified_time":"2020-08-07T19:14:00+00:00","twitter_card":"summary_large_image","twitter_misc":{"Szacowany czas czytania":"3 minuty"},"schema":{"@context":"https:\/\/schema.org","@graph":[{"@type":"WebPage","@id":"https:\/\/www.infinitypartners.eu\/pl\/oferta\/zarzadzanie-nieruchomosciami-i-aktywami\/","url":"https:\/\/www.infinitypartners.eu\/pl\/oferta\/zarzadzanie-nieruchomosciami-i-aktywami\/","name":"Zarz\u0105dzanie nieruchomo\u015bciami i aktywami - Infinity Partners","isPartOf":{"@id":"https:\/\/www.infinitypartners.eu\/pl\/#website"},"datePublished":"2017-11-07T18:55:07+00:00","dateModified":"2020-08-07T19:14:00+00:00","breadcrumb":{"@id":"https:\/\/www.infinitypartners.eu\/pl\/oferta\/zarzadzanie-nieruchomosciami-i-aktywami\/#breadcrumb"},"inLanguage":"pl-PL","potentialAction":[{"@type":"ReadAction","target":["https:\/\/www.infinitypartners.eu\/pl\/oferta\/zarzadzanie-nieruchomosciami-i-aktywami\/"]}]},{"@type":"BreadcrumbList","@id":"https:\/\/www.infinitypartners.eu\/pl\/oferta\/zarzadzanie-nieruchomosciami-i-aktywami\/#breadcrumb","itemListElement":[{"@type":"ListItem","position":1,"name":"Home","item":"https:\/\/www.infinitypartners.eu\/pl\/"},{"@type":"ListItem","position":2,"name":"Oferta","item":"https:\/\/www.infinitypartners.eu\/pl\/oferta\/"},{"@type":"ListItem","position":3,"name":"Zarz\u0105dzanie nieruchomo\u015bciami i aktywami"}]},{"@type":"WebSite","@id":"https:\/\/www.infinitypartners.eu\/pl\/#website","url":"https:\/\/www.infinitypartners.eu\/pl\/","name":"Infinity Partners","description":"Advisory &amp; Investments","potentialAction":[{"@type":"SearchAction","target":{"@type":"EntryPoint","urlTemplate":"https:\/\/www.infinitypartners.eu\/pl\/?s={search_term_string}"},"query-input":{"@type":"PropertyValueSpecification","valueRequired":true,"valueName":"search_term_string"}}],"inLanguage":"pl-PL"}]}},"_links":{"self":[{"href":"https:\/\/www.infinitypartners.eu\/pl\/wp-json\/wp\/v2\/pages\/310","targetHints":{"allow":["GET"]}}],"collection":[{"href":"https:\/\/www.infinitypartners.eu\/pl\/wp-json\/wp\/v2\/pages"}],"about":[{"href":"https:\/\/www.infinitypartners.eu\/pl\/wp-json\/wp\/v2\/types\/page"}],"author":[{"embeddable":true,"href":"https:\/\/www.infinitypartners.eu\/pl\/wp-json\/wp\/v2\/users\/4"}],"replies":[{"embeddable":true,"href":"https:\/\/www.infinitypartners.eu\/pl\/wp-json\/wp\/v2\/comments?post=310"}],"version-history":[{"count":1,"href":"https:\/\/www.infinitypartners.eu\/pl\/wp-json\/wp\/v2\/pages\/310\/revisions"}],"predecessor-version":[{"id":987,"href":"https:\/\/www.infinitypartners.eu\/pl\/wp-json\/wp\/v2\/pages\/310\/revisions\/987"}],"up":[{"embeddable":true,"href":"https:\/\/www.infinitypartners.eu\/pl\/wp-json\/wp\/v2\/pages\/12"}],"wp:attachment":[{"href":"https:\/\/www.infinitypartners.eu\/pl\/wp-json\/wp\/v2\/media?parent=310"}],"curies":[{"name":"wp","href":"https:\/\/api.w.org\/{rel}","templated":true}]}}