{"id":306,"date":"2017-11-07T18:35:09","date_gmt":"2017-11-07T18:35:09","guid":{"rendered":"https:\/\/www.infinitypartners.eu\/?page_id=306"},"modified":"2020-08-07T19:15:22","modified_gmt":"2020-08-07T19:15:22","slug":"zarzadzanie-projektem","status":"publish","type":"page","link":"https:\/\/www.infinitypartners.eu\/pl\/oferta\/zarzadzanie-projektem\/","title":{"rendered":"Zarz\u0105dzanie projektem na etapie deweloperskim"},"content":{"rendered":"<p><div class=\"fusion-fullwidth fullwidth-box fusion-builder-row-1 nonhundred-percent-fullwidth non-hundred-percent-height-scrolling\" style=\"background-color: rgba(255,255,255,0);background-position: center center;background-repeat: no-repeat;padding-top:0px;padding-right:0px;padding-bottom:0px;padding-left:0px;margin-bottom: 0px;margin-top: 0px;border-width: 0px 0px 0px 0px;border-color:#eae9e9;border-style:solid;\" ><div class=\"fusion-builder-row fusion-row\"><div class=\"fusion-layout-column fusion_builder_column fusion-builder-column-0 fusion_builder_column_1_1 1_1 fusion-one-full fusion-column-first fusion-column-last\" style=\"margin-top:0px;margin-bottom:20px;\"><div class=\"fusion-column-wrapper fusion-flex-column-wrapper-legacy\" style=\"background-position:left top;background-repeat:no-repeat;-webkit-background-size:cover;-moz-background-size:cover;-o-background-size:cover;background-size:cover;padding: 0px 0px 0px 0px;\"><div class=\"fusion-text fusion-text-1\"><h1>Wsp\u00f3\u0142pracujemy z inwestorami, aby realizowa\u0107 projekty deweloperskie &#8211; komercyjne i mieszkaniowe w Polsce.<\/h1>\n<p>Przygotowujemy projekt inwestycyjny przy wsp\u00f3\u0142pracy z naszym partnerami, pocz\u0105wszy od akwizycji i budowy nowych obiekt\u00f3w komercyjnych i mieszkaniowych &#8211; a\u017c po ich komercjalizacje.<\/p>\n<\/div><div class=\"fusion-clearfix\"><\/div><\/div><\/div><\/div><\/div><div class=\"fusion-fullwidth fullwidth-box fusion-builder-row-2 nonhundred-percent-fullwidth non-hundred-percent-height-scrolling fusion-equal-height-columns\" style=\"background-color: rgba(255,255,255,0);background-position: center center;background-repeat: no-repeat;padding-top:0px;padding-right:0px;padding-bottom:6%;padding-left:0px;margin-bottom: 0px;margin-top: 0px;border-width: 0px 0px 0px 0px;border-color:#eae9e9;border-style:solid;\" ><div class=\"fusion-builder-row fusion-row\"><div class=\"fusion-layout-column fusion_builder_column fusion-builder-column-1 fusion_builder_column_1_2 1_2 fusion-one-half fusion-column-first\" style=\"width:50%;width:calc(50% - ( ( 4% ) * 0.5 ) );margin-right: 4%;margin-top:0px;margin-bottom:20px;\"><div class=\"fusion-column-wrapper fusion-flex-column-wrapper-legacy\" style=\"background-position:left top;background-repeat:no-repeat;-webkit-background-size:cover;-moz-background-size:cover;-o-background-size:cover;background-size:cover;padding: 0px 0px 0px 0px;\"><div class=\"fusion-column-content-centered\"><div class=\"fusion-column-content\"><div class=\"fusion-text fusion-text-2\"><h3>Us\u0142ugi \u015bwiadczone dla klient\u00f3w:<\/h3>\n<\/div><ul class=\"fusion-checklist fusion-checklist-1\" style=\"font-size:13px;line-height:22.1px;\"><li class=\"fusion-li-item\"><span style=\"height:22.1px;width:22.1px;margin-right:9.1px;\" class=\"icon-wrapper circle-no\"><i class=\"fusion-li-icon fa fa-check\" style=\"color:#b7a488;\" aria-hidden=\"true\"><\/i><\/span><div class=\"fusion-li-item-content\" style=\"margin-left:31.2px;\">\n<p>Przygotowanie projektu inwestycyjnego i skr\u00f3conego studium wykonalno\u015bci, w celu szybkiej analizy przez inwestora<\/p>\n<\/div><\/li><li class=\"fusion-li-item\"><span style=\"height:22.1px;width:22.1px;margin-right:9.1px;\" class=\"icon-wrapper circle-no\"><i class=\"fusion-li-icon fa fa-check\" style=\"color:#b7a488;\" aria-hidden=\"true\"><\/i><\/span><div class=\"fusion-li-item-content\" style=\"margin-left:31.2px;\">\n<p>W razie akceptacji projektu, zapewniamy szczeg\u00f3\u0142ow\u0105 analiz\u0119 &#8211; wycen\u0119 nieruchomo\u015bci, analiz\u0119 wykorzystania nieruchomo\u015bci, jak zmaksymalizowa\u0107 zwrot z inwestycji<\/p>\n<\/div><\/li><li class=\"fusion-li-item\"><span style=\"height:22.1px;width:22.1px;margin-right:9.1px;\" class=\"icon-wrapper circle-no\"><i class=\"fusion-li-icon fa fa-check\" style=\"color:#b7a488;\" aria-hidden=\"true\"><\/i><\/span><div class=\"fusion-li-item-content\" style=\"margin-left:31.2px;\">\n<p>W razie potrzeby oferujemy doradztwo prawne i podatkowe, przy wsp\u00f3\u0142pracy z naszymi partnerami<\/p>\n<\/div><\/li><li class=\"fusion-li-item\"><span style=\"height:22.1px;width:22.1px;margin-right:9.1px;\" class=\"icon-wrapper circle-no\"><i class=\"fusion-li-icon fa fa-check\" style=\"color:#b7a488;\" aria-hidden=\"true\"><\/i><\/span><div class=\"fusion-li-item-content\" style=\"margin-left:31.2px;\">\n<p>Wdro\u017cenie fazy &#8222;wst\u0119pnego rozwoju&#8221;<\/p>\n<\/div><\/li><li class=\"fusion-li-item\"><span style=\"height:22.1px;width:22.1px;margin-right:9.1px;\" class=\"icon-wrapper circle-no\"><i class=\"fusion-li-icon fa fa-check\" style=\"color:#b7a488;\" aria-hidden=\"true\"><\/i><\/span><div class=\"fusion-li-item-content\" style=\"margin-left:31.2px;\">\n<p>Konsultacje w procesach wyboru GW i budowy<\/p>\n<\/div><\/li><\/ul><\/div><\/div><div class=\"fusion-clearfix\"><\/div><\/div><\/div><div class=\"fusion-layout-column fusion_builder_column fusion-builder-column-2 fusion_builder_column_1_2 1_2 fusion-one-half fusion-column-last\" style=\"width:50%;width:calc(50% - ( ( 4% ) * 0.5 ) );margin-top:0px;margin-bottom:20px;\"><div class=\"fusion-column-wrapper fusion-flex-column-wrapper-legacy\" style=\"background-position:left top;background-repeat:no-repeat;-webkit-background-size:cover;-moz-background-size:cover;-o-background-size:cover;background-size:cover;padding: 0px 0px 0px 0px;\"><div class=\"fusion-column-content-centered\"><div class=\"fusion-column-content\"><ul class=\"fusion-checklist fusion-checklist-2\" style=\"font-size:13px;line-height:22.1px;\"><li class=\"fusion-li-item\"><span style=\"height:22.1px;width:22.1px;margin-right:9.1px;\" class=\"icon-wrapper circle-no\"><i class=\"fusion-li-icon fa fa-check\" style=\"color:#b7a488;\" aria-hidden=\"true\"><\/i><\/span><div class=\"fusion-li-item-content\" style=\"margin-left:31.2px;\">\n<p>Nadz\u00f3r nad projektem deweloperskim<\/p>\n<\/div><\/li><li class=\"fusion-li-item\"><span style=\"height:22.1px;width:22.1px;margin-right:9.1px;\" class=\"icon-wrapper circle-no\"><i class=\"fusion-li-icon fa fa-check\" style=\"color:#b7a488;\" aria-hidden=\"true\"><\/i><\/span><div class=\"fusion-li-item-content\" style=\"margin-left:31.2px;\">\n<p>Pozyskanie finansowania d\u0142u\u017cnego lub \/ i equity<\/p>\n<\/div><\/li><li class=\"fusion-li-item\"><span style=\"height:22.1px;width:22.1px;margin-right:9.1px;\" class=\"icon-wrapper circle-no\"><i class=\"fusion-li-icon fa fa-check\" style=\"color:#b7a488;\" aria-hidden=\"true\"><\/i><\/span><div class=\"fusion-li-item-content\" style=\"margin-left:31.2px;\">\n<p>Doradztwo w proces modernizacji, renowacji lub rozbudowy<\/p>\n<\/div><\/li><li class=\"fusion-li-item\"><span style=\"height:22.1px;width:22.1px;margin-right:9.1px;\" class=\"icon-wrapper circle-no\"><i class=\"fusion-li-icon fa fa-check\" style=\"color:#b7a488;\" aria-hidden=\"true\"><\/i><\/span><div class=\"fusion-li-item-content\" style=\"margin-left:31.2px;\">\n<p>Komercjalizacja i ostateczna sprzeda\u017c projektu na dowolnym etapie<\/p>\n<\/div><\/li><\/ul><div class=\"fusion-sep-clear\"><\/div><div class=\"fusion-separator fusion-full-width-sep\" style=\"margin-left: auto;margin-right: auto;margin-top:80px;width:100%;\"><\/div><div class=\"fusion-sep-clear\"><\/div><\/div><\/div><div class=\"fusion-clearfix\"><\/div><\/div><\/div><\/div><\/div><\/p>\n","protected":false},"excerpt":{"rendered":"","protected":false},"author":4,"featured_media":0,"parent":12,"menu_order":0,"comment_status":"closed","ping_status":"closed","template":"","meta":{"footnotes":""},"class_list":["post-306","page","type-page","status-publish","hentry"],"yoast_head":"<!-- This site is optimized with the Yoast SEO plugin v27.5 - https:\/\/yoast.com\/product\/yoast-seo-wordpress\/ -->\n<title>Zarz\u0105dzanie projektem na etapie deweloperskim - Infinity Partners<\/title>\n<meta name=\"robots\" content=\"index, follow, max-snippet:-1, max-image-preview:large, max-video-preview:-1\" \/>\n<link rel=\"canonical\" href=\"https:\/\/www.infinitypartners.eu\/pl\/oferta\/zarzadzanie-projektem\/\" \/>\n<meta property=\"og:locale\" content=\"pl_PL\" \/>\n<meta property=\"og:type\" content=\"article\" \/>\n<meta property=\"og:title\" content=\"Zarz\u0105dzanie projektem na etapie deweloperskim - Infinity Partners\" \/>\n<meta property=\"og:url\" content=\"https:\/\/www.infinitypartners.eu\/pl\/oferta\/zarzadzanie-projektem\/\" \/>\n<meta property=\"og:site_name\" content=\"Infinity Partners\" \/>\n<meta property=\"article:modified_time\" content=\"2020-08-07T19:15:22+00:00\" \/>\n<meta name=\"twitter:card\" content=\"summary_large_image\" \/>\n<meta name=\"twitter:label1\" content=\"Szacowany czas czytania\" \/>\n\t<meta name=\"twitter:data1\" content=\"3 minuty\" \/>\n<script type=\"application\/ld+json\" class=\"yoast-schema-graph\">{\"@context\":\"https:\\\/\\\/schema.org\",\"@graph\":[{\"@type\":\"WebPage\",\"@id\":\"https:\\\/\\\/www.infinitypartners.eu\\\/pl\\\/oferta\\\/zarzadzanie-projektem\\\/\",\"url\":\"https:\\\/\\\/www.infinitypartners.eu\\\/pl\\\/oferta\\\/zarzadzanie-projektem\\\/\",\"name\":\"Zarz\u0105dzanie projektem na etapie deweloperskim - Infinity Partners\",\"isPartOf\":{\"@id\":\"https:\\\/\\\/www.infinitypartners.eu\\\/pl\\\/#website\"},\"datePublished\":\"2017-11-07T18:35:09+00:00\",\"dateModified\":\"2020-08-07T19:15:22+00:00\",\"breadcrumb\":{\"@id\":\"https:\\\/\\\/www.infinitypartners.eu\\\/pl\\\/oferta\\\/zarzadzanie-projektem\\\/#breadcrumb\"},\"inLanguage\":\"pl-PL\",\"potentialAction\":[{\"@type\":\"ReadAction\",\"target\":[\"https:\\\/\\\/www.infinitypartners.eu\\\/pl\\\/oferta\\\/zarzadzanie-projektem\\\/\"]}]},{\"@type\":\"BreadcrumbList\",\"@id\":\"https:\\\/\\\/www.infinitypartners.eu\\\/pl\\\/oferta\\\/zarzadzanie-projektem\\\/#breadcrumb\",\"itemListElement\":[{\"@type\":\"ListItem\",\"position\":1,\"name\":\"Home\",\"item\":\"https:\\\/\\\/www.infinitypartners.eu\\\/pl\\\/\"},{\"@type\":\"ListItem\",\"position\":2,\"name\":\"Oferta\",\"item\":\"https:\\\/\\\/www.infinitypartners.eu\\\/pl\\\/oferta\\\/\"},{\"@type\":\"ListItem\",\"position\":3,\"name\":\"Zarz\u0105dzanie projektem na etapie deweloperskim\"}]},{\"@type\":\"WebSite\",\"@id\":\"https:\\\/\\\/www.infinitypartners.eu\\\/pl\\\/#website\",\"url\":\"https:\\\/\\\/www.infinitypartners.eu\\\/pl\\\/\",\"name\":\"Infinity Partners\",\"description\":\"Advisory &amp; Investments\",\"potentialAction\":[{\"@type\":\"SearchAction\",\"target\":{\"@type\":\"EntryPoint\",\"urlTemplate\":\"https:\\\/\\\/www.infinitypartners.eu\\\/pl\\\/?s={search_term_string}\"},\"query-input\":{\"@type\":\"PropertyValueSpecification\",\"valueRequired\":true,\"valueName\":\"search_term_string\"}}],\"inLanguage\":\"pl-PL\"}]}<\/script>\n<!-- \/ Yoast SEO plugin. -->","yoast_head_json":{"title":"Zarz\u0105dzanie projektem na etapie deweloperskim - Infinity Partners","robots":{"index":"index","follow":"follow","max-snippet":"max-snippet:-1","max-image-preview":"max-image-preview:large","max-video-preview":"max-video-preview:-1"},"canonical":"https:\/\/www.infinitypartners.eu\/pl\/oferta\/zarzadzanie-projektem\/","og_locale":"pl_PL","og_type":"article","og_title":"Zarz\u0105dzanie projektem na etapie deweloperskim - Infinity Partners","og_url":"https:\/\/www.infinitypartners.eu\/pl\/oferta\/zarzadzanie-projektem\/","og_site_name":"Infinity Partners","article_modified_time":"2020-08-07T19:15:22+00:00","twitter_card":"summary_large_image","twitter_misc":{"Szacowany czas czytania":"3 minuty"},"schema":{"@context":"https:\/\/schema.org","@graph":[{"@type":"WebPage","@id":"https:\/\/www.infinitypartners.eu\/pl\/oferta\/zarzadzanie-projektem\/","url":"https:\/\/www.infinitypartners.eu\/pl\/oferta\/zarzadzanie-projektem\/","name":"Zarz\u0105dzanie projektem na etapie deweloperskim - Infinity Partners","isPartOf":{"@id":"https:\/\/www.infinitypartners.eu\/pl\/#website"},"datePublished":"2017-11-07T18:35:09+00:00","dateModified":"2020-08-07T19:15:22+00:00","breadcrumb":{"@id":"https:\/\/www.infinitypartners.eu\/pl\/oferta\/zarzadzanie-projektem\/#breadcrumb"},"inLanguage":"pl-PL","potentialAction":[{"@type":"ReadAction","target":["https:\/\/www.infinitypartners.eu\/pl\/oferta\/zarzadzanie-projektem\/"]}]},{"@type":"BreadcrumbList","@id":"https:\/\/www.infinitypartners.eu\/pl\/oferta\/zarzadzanie-projektem\/#breadcrumb","itemListElement":[{"@type":"ListItem","position":1,"name":"Home","item":"https:\/\/www.infinitypartners.eu\/pl\/"},{"@type":"ListItem","position":2,"name":"Oferta","item":"https:\/\/www.infinitypartners.eu\/pl\/oferta\/"},{"@type":"ListItem","position":3,"name":"Zarz\u0105dzanie projektem na etapie deweloperskim"}]},{"@type":"WebSite","@id":"https:\/\/www.infinitypartners.eu\/pl\/#website","url":"https:\/\/www.infinitypartners.eu\/pl\/","name":"Infinity Partners","description":"Advisory &amp; Investments","potentialAction":[{"@type":"SearchAction","target":{"@type":"EntryPoint","urlTemplate":"https:\/\/www.infinitypartners.eu\/pl\/?s={search_term_string}"},"query-input":{"@type":"PropertyValueSpecification","valueRequired":true,"valueName":"search_term_string"}}],"inLanguage":"pl-PL"}]}},"_links":{"self":[{"href":"https:\/\/www.infinitypartners.eu\/pl\/wp-json\/wp\/v2\/pages\/306","targetHints":{"allow":["GET"]}}],"collection":[{"href":"https:\/\/www.infinitypartners.eu\/pl\/wp-json\/wp\/v2\/pages"}],"about":[{"href":"https:\/\/www.infinitypartners.eu\/pl\/wp-json\/wp\/v2\/types\/page"}],"author":[{"embeddable":true,"href":"https:\/\/www.infinitypartners.eu\/pl\/wp-json\/wp\/v2\/users\/4"}],"replies":[{"embeddable":true,"href":"https:\/\/www.infinitypartners.eu\/pl\/wp-json\/wp\/v2\/comments?post=306"}],"version-history":[{"count":2,"href":"https:\/\/www.infinitypartners.eu\/pl\/wp-json\/wp\/v2\/pages\/306\/revisions"}],"predecessor-version":[{"id":989,"href":"https:\/\/www.infinitypartners.eu\/pl\/wp-json\/wp\/v2\/pages\/306\/revisions\/989"}],"up":[{"embeddable":true,"href":"https:\/\/www.infinitypartners.eu\/pl\/wp-json\/wp\/v2\/pages\/12"}],"wp:attachment":[{"href":"https:\/\/www.infinitypartners.eu\/pl\/wp-json\/wp\/v2\/media?parent=306"}],"curies":[{"name":"wp","href":"https:\/\/api.w.org\/{rel}","templated":true}]}}